{"id":10264,"date":"2024-05-30T20:33:44","date_gmt":"2024-05-30T18:33:44","guid":{"rendered":"https:\/\/www.ibisc.univ-evry.fr\/research-ethics\/"},"modified":"2024-05-30T20:33:46","modified_gmt":"2024-05-30T18:33:46","slug":"research-ethics","status":"publish","type":"page","link":"https:\/\/www.ibisc.univ-evry.fr\/en\/research-ethics\/","title":{"rendered":"Research ethics"},"content":{"rendered":"<div class=\"fusion-fullwidth fullwidth-box nonhundred-percent-fullwidth non-hundred-percent-height-scrolling\"  style='background-color: rgba(255,255,255,0);background-position: center center;background-repeat: no-repeat;padding-top:0px;padding-right:0px;padding-bottom:0px;padding-left:0px;'><div class=\"fusion-builder-row fusion-row \"><div  class=\"fusion-layout-column fusion_builder_column fusion_builder_column_1_1  fusion-one-full fusion-column-first fusion-column-last 1_1\"  style='margin-top:0px;margin-bottom:20px;'>\n\t\t\t\t\t<div class=\"fusion-column-wrapper\" style=\"padding: 0px 0px 0px 0px;background-position:left top;background-repeat:no-repeat;-webkit-background-size:cover;-moz-background-size:cover;-o-background-size:cover;background-size:cover;\"  data-bg-url=\"\">\n\t\t\t\t\t\t<div class=\"fusion-text\"><h2>Ethical rules and procedures<\/h2>\n<p>The research work carried out by laboratory members is governed by the French Charter of Research Ethics (<a href=\"https:\/\/anr.fr\/fileadmin\/documents\/2019\/2015_Charte_fran%C3%A7aise_IS.pdf\">see PDF document<\/a> [French only]).<\/p>\n<p>Within this framework, the University of Paris-Saclay has set up the Conseil pour l&#8217;\u00c9thique de la Recherche et l&#8217;Int\u00e9grit\u00e9 Scientifique de l&#8217;Universit\u00e9 Paris-Saclay (<a href=\"https:\/\/www.universite-paris-saclay.fr\/fr\/polethishttps:\/\/www.universite-paris-saclay.fr\/fr\/polethis\">see the POL\u00c9THIS website<\/a> [French only]), whose mission is to develop a shared culture of ethical reflection and commitment within the University.<\/p>\n<p>To comply with research ethics rules, research protocols involving human subjects and interventional procedures must be submitted to and approved by a Comit\u00e9 de Protection des Personnes (CPP). The CPP is responsible for issuing a prior opinion on the validity of any research involving human subjects, based on the criteria defined in article L 1123-7 of the French Public Health Code (CSP).<\/p>\n<\/div><div class=\"fusion-sep-clear\"><\/div><div class=\"fusion-separator fusion-full-width-sep sep-single sep-solid\" style=\"border-color:#e0dede;border-top-width:1px;margin-left: auto;margin-right: auto;margin-top:;\"><\/div><div class=\"fusion-text\"><ul>\n<li><a href=\"https:\/\/www.ibisc.univ-evry.fr\/wp-content\/uploads\/2020\/02\/Proc%C3%A9dures-et-r%C3%A8gles-%C3%A9thiques-janvier-2020.pdf\">PDF document, January 2020<\/a> [French only]<\/li>\n<li><a href=\"https:\/\/www.universite-paris-saclay.fr\/fr\/polethis\">POL\u00c9THIS Paris-Saclay web page<\/a><br \/>\nComit\u00e9 d&#8217;\u00c9tique pour la Recherche &#8211; Paris-Saclay web page<\/li>\n<li>IBISC contacts: Amine CHELLALI (MCF Univ. \u00c9vry, IBISC IRA2 team), Fr\u00e9d\u00e9ric DAVESNE (IGR Univ. \u00c9vry, IBISC IRA2 team)<\/li>\n<\/ul>\n<\/div><div class=\"fusion-clearfix\"><\/div>\n\n\t\t\t\t\t<\/div>\n\t\t\t\t<\/div><\/div><\/div>\n","protected":false},"excerpt":{"rendered":"","protected":false},"author":12,"featured_media":0,"parent":0,"menu_order":0,"comment_status":"closed","ping_status":"closed","template":"","meta":{"_acf_changed":false,"inline_featured_image":false,"footnotes":""},"class_list":["post-10264","page","type-page","status-publish","hentry"],"acf":[],"_links":{"self":[{"href":"https:\/\/www.ibisc.univ-evry.fr\/en\/wp-json\/wp\/v2\/pages\/10264"}],"collection":[{"href":"https:\/\/www.ibisc.univ-evry.fr\/en\/wp-json\/wp\/v2\/pages"}],"about":[{"href":"https:\/\/www.ibisc.univ-evry.fr\/en\/wp-json\/wp\/v2\/types\/page"}],"author":[{"embeddable":true,"href":"https:\/\/www.ibisc.univ-evry.fr\/en\/wp-json\/wp\/v2\/users\/12"}],"replies":[{"embeddable":true,"href":"https:\/\/www.ibisc.univ-evry.fr\/en\/wp-json\/wp\/v2\/comments?post=10264"}],"version-history":[{"count":2,"href":"https:\/\/www.ibisc.univ-evry.fr\/en\/wp-json\/wp\/v2\/pages\/10264\/revisions"}],"predecessor-version":[{"id":10266,"href":"https:\/\/www.ibisc.univ-evry.fr\/en\/wp-json\/wp\/v2\/pages\/10264\/revisions\/10266"}],"wp:attachment":[{"href":"https:\/\/www.ibisc.univ-evry.fr\/en\/wp-json\/wp\/v2\/media?parent=10264"}],"curies":[{"name":"wp","href":"https:\/\/api.w.org\/{rel}","templated":true}]}}