{"id":1057,"date":"2018-04-18T11:46:03","date_gmt":"2018-04-18T09:46:03","guid":{"rendered":"https:\/\/www.ibisc.univ-evry.fr\/plateforms\/plate-forme-realite-virtuelle-et-augmentee-robotique\/"},"modified":"2018-10-01T18:37:42","modified_gmt":"2018-10-01T16:37:42","slug":"virtual-reality-research-infra","status":"publish","type":"page","link":"https:\/\/www.ibisc.univ-evry.fr\/en\/research-infra\/virtual-reality-research-infra\/","title":{"rendered":"Virtual and Augmented Reality &#038; Robotic research infra"},"content":{"rendered":"<div class=\"fusion-fullwidth fullwidth-box nonhundred-percent-fullwidth non-hundred-percent-height-scrolling\"  style='background-color: rgba(255,255,255,0);background-position: center center;background-repeat: no-repeat;padding-top:50px;padding-right:0px;padding-bottom:50px;padding-left:0px;'><div class=\"fusion-builder-row fusion-row \"><div  class=\"fusion-layout-column fusion_builder_column fusion_builder_column_1_1  fusion-one-full fusion-column-first fusion-column-last fusion-column-no-min-height 1_1\"  style='margin-top:0px;margin-bottom:20px;'>\n\t\t\t\t\t<div class=\"fusion-column-wrapper\" style=\"padding: 0px 0px 0px 0px;background-position:left top;background-repeat:no-repeat;-webkit-background-size:cover;-moz-background-size:cover;-o-background-size:cover;background-size:cover;\"  data-bg-url=\"\">\n\t\t\t\t\t\t<div class=\"fusion-title title fusion-sep-none fusion-title-size-two section--header\" style=\"margin-top:0px;margin-bottom:31px;\"><h2 class=\"title-heading-left\">Virtual and Augmented Reality &amp; Robotic research infrastructures<\/h2><\/div><style type=\"text\/css\">.fusion-portfolio-wrapper#fusion-portfolio-1 .fusion-portfolio-content{  text-align: left; }<\/style><div class=\"fusion-recent-works fusion-portfolio-element fusion-portfolio fusion-portfolio-1 fusion-portfolio-grid fusion-portfolio-paging-pagination fusion-portfolio-three fusion-portfolio-unboxed fusion-portfolio-text fusion-portfolio-rollover\" data-id=\"-rw-1\" data-columns=\"three\"><style type=\"text\/css\">.fusion-portfolio-1 .fusion-portfolio-wrapper .fusion-col-spacing{padding:10px;}<\/style><div class=\"fusion-portfolio-wrapper\" id=\"fusion-portfolio-1\" data-picturesize=\"auto\" data-pages=\"1\" style=\"margin:-10px;\"><article id=\"portfolio-1-post-1453\" class=\"fusion-portfolio-post virtual-reality-research-infra inra2-research-infra research-infra web-soft-research-infra fusion-col-spacing post-1453\"><div class=\"fusion-portfolio-content-wrapper\" style=\"border:none;\">\n\t\n\t\t\t<span class=\"vcard rich-snippet-hidden\">\n\t\t\t<span class=\"fn\">\n\t\t\t\t<a href=\"https:\/\/www.ibisc.univ-evry.fr\/en\/author\/frederic-davesne\/\" title=\"Posts by DAVESNE Fr\u00e9d\u00e9ric\" rel=\"author\">DAVESNE Fr\u00e9d\u00e9ric<\/a>\t\t\t<\/span>\n\t\t<\/span>\n\t\n\t\t\t<span class=\"updated rich-snippet-hidden\">\n\t\t\t2024-06-17T22:42:23+02:00\t\t<\/span>\n\t\n\n\n<div  class=\"fusion-image-wrapper\" aria-haspopup=\"true\">\n\t\n\t\n\t\t\n\t\t\t\t\t<img loading=\"lazy\" decoding=\"async\" width=\"180\" height=\"49\" src=\"https:\/\/www.ibisc.univ-evry.fr\/wp-content\/uploads\/2018\/09\/logo_arcs.png\" class=\"attachment-full size-full wp-post-image\" alt=\"\" \/>\n\t\n\n\t\t<div class=\"fusion-rollover\">\n\t<div class=\"fusion-rollover-content\">\n\n\t\t\t\t\t\t\t\t\t\t\t\t\t\t<a class=\"fusion-rollover-link\" href=\"https:\/\/www.ibisc.univ-evry.fr\/en\/portfolio\/arcs-framework\/?portfolioCats=86\">ARCS Framework<\/a>\n\t\t\t\n\t\t\t\t\t\t\t\t\t\t\t\t\t\t\n\t\t\t\t\t\t\t\t\n\t\t\t\t\t\t\t\t\t\t\t\t\t<div class=\"fusion-rollover-sep\"><\/div>\n\t\t\t\t\n\t\t\t\t\t\t\t\t\t\t\t\t\t\t\t\t\t\t<a class=\"fusion-rollover-gallery\" href=\"https:\/\/www.ibisc.univ-evry.fr\/wp-content\/uploads\/2018\/09\/logo_arcs.png\" data-id=\"1453\" data-rel=\"iLightbox[gallery-rw-1]\" data-title=\"logo_arcs\" data-caption=\"\">\n\t\t\t\t\t\tGallery\t\t\t\t\t<\/a>\n\t\t\t\t\t\t\t\t\t\t\t\t\t\t\n\t\t\t\t\n\t\t\t\t\t\t\t\t\n\t\t\t\t\t\t\t\t\n\t\t\n\t\t\t\t<a class=\"fusion-link-wrapper\" href=\"https:\/\/www.ibisc.univ-evry.fr\/en\/portfolio\/arcs-framework\/?portfolioCats=86\" aria-label=\"ARCS Framework\"><\/a>\n\t<\/div>\n<\/div>\n\n\t\n<\/div>\n<div class=\"fusion-portfolio-content\"><h2 class=\"entry-title fusion-post-title\"><a href=\"https:\/\/www.ibisc.univ-evry.fr\/en\/portfolio\/arcs-framework\/?portfolioCats=86\">ARCS Framework<\/a><\/h2><div class=\"fusion-post-content\"><p> ARCS\u00a0is a rapid prototyping framework specifically designed for augmented [...]<\/p><\/div><\/div><\/div><\/article><article id=\"portfolio-1-post-10865\" class=\"fusion-portfolio-post virtual-reality-research-infra inra2-research-infra research-infra fusion-col-spacing post-10865\"><div class=\"fusion-portfolio-content-wrapper\" style=\"border:none;\">\n\t\n\t\t\t<span class=\"vcard rich-snippet-hidden\">\n\t\t\t<span class=\"fn\">\n\t\t\t\t<a href=\"https:\/\/www.ibisc.univ-evry.fr\/en\/author\/frederic-davesne\/\" title=\"Posts by DAVESNE Fr\u00e9d\u00e9ric\" rel=\"author\">DAVESNE Fr\u00e9d\u00e9ric<\/a>\t\t\t<\/span>\n\t\t<\/span>\n\t\n\t\t\t<span class=\"updated rich-snippet-hidden\">\n\t\t\t2024-07-12T08:52:24+02:00\t\t<\/span>\n\t\n\n\n<div  class=\"fusion-image-wrapper\" aria-haspopup=\"true\">\n\t\n\t\n\t\t\n\t\t\t\t\t<img loading=\"lazy\" decoding=\"async\" width=\"1200\" height=\"500\" src=\"https:\/\/www.ibisc.univ-evry.fr\/wp-content\/uploads\/2018\/06\/banniere_evra-400x167.jpg\" class=\"attachment-full size-full wp-post-image\" alt=\"\" srcset=\"https:\/\/www.ibisc.univ-evry.fr\/wp-content\/uploads\/2018\/06\/banniere_evra-200x83.jpg 200w, https:\/\/www.ibisc.univ-evry.fr\/wp-content\/uploads\/2018\/06\/banniere_evra-400x167.jpg 400w, https:\/\/www.ibisc.univ-evry.fr\/wp-content\/uploads\/2018\/06\/banniere_evra-600x250.jpg 600w, https:\/\/www.ibisc.univ-evry.fr\/wp-content\/uploads\/2018\/06\/banniere_evra-800x333.jpg 800w, https:\/\/www.ibisc.univ-evry.fr\/wp-content\/uploads\/2018\/06\/banniere_evra.jpg 1200w\" sizes=\"(min-width: 2200px) 100vw, (min-width: 784px) 387px, (min-width: 712px) 580px, (min-width: 640px) 712px, \" \/>\n\t\n\n\t\t<div class=\"fusion-rollover\">\n\t<div class=\"fusion-rollover-content\">\n\n\t\t\t\t\t\t\t\t\t\t\t\t\t\t<a class=\"fusion-rollover-link\" href=\"https:\/\/www.ibisc.univ-evry.fr\/en\/portfolio\/evr-plateform\/?portfolioCats=86\">EVR@ plateform<\/a>\n\t\t\t\n\t\t\t\t\t\t\t\t\t\t\t\t\t\t\n\t\t\t\t\t\t\t\t\n\t\t\t\t\t\t\t\t\t\t\t\t\t<div class=\"fusion-rollover-sep\"><\/div>\n\t\t\t\t\n\t\t\t\t\t\t\t\t\t\t\t\t\t\t\t\t\t\t<a class=\"fusion-rollover-gallery\" href=\"https:\/\/www.ibisc.univ-evry.fr\/wp-content\/uploads\/2018\/06\/banniere_evra.jpg\" data-id=\"10865\" data-rel=\"iLightbox[gallery-rw-1]\" data-title=\"banniere_evra\" data-caption=\"\">\n\t\t\t\t\t\tGallery\t\t\t\t\t<\/a>\n\t\t\t\t\t\t\t\t\t\t\t\t\t\t\n\t\t\t\t\n\t\t\t\t\t\t\t\t\n\t\t\t\t\t\t\t\t\n\t\t\n\t\t\t\t<a class=\"fusion-link-wrapper\" href=\"https:\/\/www.ibisc.univ-evry.fr\/en\/portfolio\/evr-plateform\/?portfolioCats=86\" aria-label=\"EVR@ plateform\"><\/a>\n\t<\/div>\n<\/div>\n\n\t\n<\/div>\n<div class=\"fusion-portfolio-content\"><h2 class=\"entry-title fusion-post-title\"><a href=\"https:\/\/www.ibisc.univ-evry.fr\/en\/portfolio\/evr-plateform\/?portfolioCats=86\">EVR@ plateform<\/a><\/h2><div class=\"fusion-post-content\"><p> The EVR@ (Environnements Virtuels et de R\u00e9alit\u00e9 Augment\u00e9e - [...]<\/p><\/div><\/div><\/div><\/article><\/div><\/div><div class=\"fusion-clearfix\"><\/div>\n\n\t\t\t\t\t<\/div>\n\t\t\t\t<\/div><\/div><\/div>\n","protected":false},"excerpt":{"rendered":"","protected":false},"author":10,"featured_media":0,"parent":1046,"menu_order":0,"comment_status":"closed","ping_status":"closed","template":"","meta":{"_acf_changed":false,"inline_featured_image":false,"footnotes":""},"class_list":["post-1057","page","type-page","status-publish","hentry"],"acf":[],"_links":{"self":[{"href":"https:\/\/www.ibisc.univ-evry.fr\/en\/wp-json\/wp\/v2\/pages\/1057"}],"collection":[{"href":"https:\/\/www.ibisc.univ-evry.fr\/en\/wp-json\/wp\/v2\/pages"}],"about":[{"href":"https:\/\/www.ibisc.univ-evry.fr\/en\/wp-json\/wp\/v2\/types\/page"}],"author":[{"embeddable":true,"href":"https:\/\/www.ibisc.univ-evry.fr\/en\/wp-json\/wp\/v2\/users\/10"}],"replies":[{"embeddable":true,"href":"https:\/\/www.ibisc.univ-evry.fr\/en\/wp-json\/wp\/v2\/comments?post=1057"}],"version-history":[{"count":7,"href":"https:\/\/www.ibisc.univ-evry.fr\/en\/wp-json\/wp\/v2\/pages\/1057\/revisions"}],"predecessor-version":[{"id":1450,"href":"https:\/\/www.ibisc.univ-evry.fr\/en\/wp-json\/wp\/v2\/pages\/1057\/revisions\/1450"}],"up":[{"embeddable":true,"href":"https:\/\/www.ibisc.univ-evry.fr\/en\/wp-json\/wp\/v2\/pages\/1046"}],"wp:attachment":[{"href":"https:\/\/www.ibisc.univ-evry.fr\/en\/wp-json\/wp\/v2\/media?parent=1057"}],"curies":[{"name":"wp","href":"https:\/\/api.w.org\/{rel}","templated":true}]}}