{"id":785,"date":"2018-03-06T16:39:46","date_gmt":"2018-03-06T15:39:46","guid":{"rendered":"https:\/\/www.ibisc.univ-evry.fr\/teams\/"},"modified":"2026-03-06T16:29:01","modified_gmt":"2026-03-06T15:29:01","slug":"teams","status":"publish","type":"page","link":"https:\/\/www.ibisc.univ-evry.fr\/en\/teams\/","title":{"rendered":"Laboratory organization"},"content":{"rendered":"<p><div class=\"fusion-fullwidth fullwidth-box nonhundred-percent-fullwidth non-hundred-percent-height-scrolling fusion-equal-height-columns\"  style='background-color: #fcfcfc;background-position: center center;background-repeat: no-repeat;padding-top:50px;padding-right:0px;padding-bottom:50px;padding-left:0px;'><div class=\"fusion-builder-row fusion-row \"><div  class=\"fusion-layout-column fusion_builder_column fusion_builder_column_1_1  fusion-one-full fusion-column-first fusion-column-last fusion-column-no-min-height 1_1\"  style='margin-top:0px;margin-bottom:20px;'>\n\t\t\t\t\t<div class=\"fusion-column-wrapper\" style=\"padding: 0px 0px 0px 0px;background-position:left top;background-repeat:no-repeat;-webkit-background-size:cover;-moz-background-size:cover;-o-background-size:cover;background-size:cover;\"  data-bg-url=\"\">\n\t\t\t\t\t\t<div class=\"fusion-title title fusion-sep-none fusion-title-size-two section--header\" style=\"margin-top:0px;margin-bottom:31px;\"><h2 class=\"title-heading-left\">Organization chart<\/h2><\/div><div class=\"fusion-text\"><p style=\"padding-left: 30px;\"><a href=\"https:\/\/www.ibisc.univ-evry.fr\/wp-content\/uploads\/2026\/04\/Organigramme_IBISC-02042026.pdf\">Organization chart in PDF, version 06\/03\/2026<\/a><\/p>\n<\/div><div class=\"fusion-clearfix\"><\/div>\n\n\t\t\t\t\t<\/div>\n\t\t\t\t<\/div><div  class=\"fusion-layout-column fusion_builder_column fusion_builder_column_1_1  fusion-one-full fusion-column-first fusion-column-last fusion-column-no-min-height 1_1\"  style='margin-top:0px;margin-bottom:20px;'>\n\t\t\t\t\t<div class=\"fusion-column-wrapper\" style=\"padding: 0px 0px 0px 0px;background-position:left top;background-repeat:no-repeat;-webkit-background-size:cover;-moz-background-size:cover;-o-background-size:cover;background-size:cover;\"  data-bg-url=\"\">\n\t\t\t\t\t\t<div class=\"fusion-title title fusion-sep-none fusion-title-size-two section--header\" style=\"margin-top:0px;margin-bottom:31px;\"><h2 class=\"title-heading-left\">Head<\/h2><\/div><div class=\"fusion-text\"><p style=\"padding-left: 40px;\">Feng CHU, Director IBISC<\/p>\n<\/div><div class=\"fusion-clearfix\"><\/div>\n\n\t\t\t\t\t<\/div>\n\t\t\t\t<\/div><div  class=\"fusion-layout-column fusion_builder_column fusion_builder_column_1_1  fusion-one-full fusion-column-first fusion-column-last fusion-column-no-min-height 1_1\"  style='margin-top:0px;margin-bottom:20px;'>\n\t\t\t\t\t<div class=\"fusion-column-wrapper\" style=\"padding: 0px 0px 0px 0px;background-position:left top;background-repeat:no-repeat;-webkit-background-size:cover;-moz-background-size:cover;-o-background-size:cover;background-size:cover;\"  data-bg-url=\"\">\n\t\t\t\t\t\t<div class=\"fusion-title title fusion-sep-none fusion-title-size-two section--header\" style=\"margin-top:0px;margin-bottom:31px;\"><h2 class=\"title-heading-left\">Management Committee<\/h2><\/div><div class=\"fusion-text\"><p style=\"padding-left: 40px;\">Feng CHU, Director IBISC<\/p>\n<p style=\"padding-left: 40px;\">Fariza TAHI, AROBAS team leader<\/p>\n<p style=\"padding-left: 40px;\">Eric ANGEL, AROBAS team deputy leader<\/p>\n<p style=\"padding-left: 40px;\">Guillaume HUTZLER, COSMO team leader<\/p>\n<p style=\"padding-left: 40px;\">Hanna KLAUDEL, COSMO team deputy leader<\/p>\n<p style=\"padding-left: 40px;\">Hedi TABIA, IRA2 team leader<\/p>\n<p style=\"padding-left: 40px;\">Amine CHELLALI, IRA2 team deputy leader<\/p>\n<p style=\"padding-left: 40px;\">Sofiane AHMED ALI, SIAM team leader<\/p>\n<p style=\"padding-left: 40px;\">Dominique FOURER, SIAM team deputy leader<\/p>\n<p style=\"padding-left: 40px;\">Maeva SAGUETON, administrative manager IBISC, Pelvoux site<\/p>\n<p style=\"padding-left: 40px;\">Murielle BOURGEOIS, administrative manager IBISC, IBGBI site<\/p>\n<\/div><div class=\"fusion-clearfix\"><\/div>\n\n\t\t\t\t\t<\/div>\n\t\t\t\t<\/div><div  class=\"fusion-layout-column fusion_builder_column fusion_builder_column_1_1  fusion-one-full fusion-column-first fusion-column-last fusion-column-no-min-height 1_1\"  style='margin-top:0px;margin-bottom:20px;'>\n\t\t\t\t\t<div class=\"fusion-column-wrapper\" style=\"padding: 0px 0px 0px 0px;background-position:left top;background-repeat:no-repeat;-webkit-background-size:cover;-moz-background-size:cover;-o-background-size:cover;background-size:cover;\"  data-bg-url=\"\">\n\t\t\t\t\t\t<div class=\"fusion-title title fusion-sep-none fusion-title-size-two section--header\" style=\"margin-top:0px;margin-bottom:31px;\"><h2 class=\"title-heading-left\">Laboratory council<\/h2><\/div><div class=\"fusion-text\"><p>Feng CHU, Director IBISC<\/p>\n<p><strong>ELECTED MEMBERS (May 19, 2025 election)<\/strong><\/p>\n<p><strong>PROFESSORS, SENIOR LECTURERS HDR<\/strong><\/p>\n<p><strong>Full members \/ <\/strong><em>Substitutes<\/em><\/p>\n<div class=\"\">&#8211; <strong>ALFAYAD Samer<\/strong> \/ <em>A\u00cfTOUFROUKH-MAMMAR Na\u00efma<\/em><\/div>\n<div class=\"\">&#8211; <strong>CHADLI Mohammed<\/strong> \/ <em>HUTZLER Guillaume<\/em><\/div>\n<div class=\"\">&#8211; <strong>DJEMAL Khalifa<\/strong> \/\u00a0<em>DIDIER Jean-Yves<\/em><\/div>\n<p><strong>COLLEGE OF NON HDR LECTURERS<\/strong><\/p>\n<p><strong>Full members \/ <\/strong><em>Substitutes<\/em><\/p>\n<div class=\"\">&#8211; <strong>CHAU Vincent<\/strong> \/<em>\u00a0POSTIC Guillaume<\/em><\/div>\n<div class=\"\">&#8211; <strong>HADJ-ABDELKADER Hicham<\/strong> \/<em> NEHAOUA Lamri<\/em><\/div>\n<div class=\"\">&#8211; <strong>SADI Yasmina<\/strong> \/<em> BENCHIKH Laredj<\/em><\/div>\n<div class=\"\"><\/div>\n<p><strong>PhD students COLLEGE<\/strong><\/p>\n<p><strong>Full members \/ <\/strong><em>Substitutes<\/em><\/p>\n<div class=\"\">\n<div class=\"\">&#8211; <strong>DRADJAT K\u00e9vin<\/strong> \/ <em>JOB Charlotte<\/em><\/div>\n<\/div>\n<div class=\"\">&#8211; <strong>BENJELLOUN Doha<\/strong>\u00a0\/<em>CALOT Lohan<\/em><\/div>\n<p><strong>ENGENEERS AND TECHNICIANS COLLEGE<\/strong><\/p>\n<p><strong>Full members \/ <\/strong><em>Substitutes<\/em><\/p>\n<p>&#8211; <strong>DAVESNE Fr\u00e9d\u00e9ric<\/strong> \/ <em>ISHIOMIN Ludovic\u00a0<\/em><\/p>\n<p><strong>APPOINTED MEMBERS<\/strong><\/p>\n<div>\n<div class=\"\">&#8211; ANGEL \u00c9ric<\/div>\n<div class=\"\">&#8211; DJAFRI Bachir<\/div>\n<\/div>\n<div class=\"\">&#8211; NEJI Najett<\/div>\n<\/div><div class=\"fusion-clearfix\"><\/div>\n\n\t\t\t\t\t<\/div>\n\t\t\t\t<\/div><div  class=\"fusion-layout-column fusion_builder_column fusion_builder_column_1_1  fusion-one-full fusion-column-first fusion-column-last fusion-column-no-min-height 1_1\"  style='margin-top:0px;margin-bottom:20px;'>\n\t\t\t\t\t<div class=\"fusion-column-wrapper\" style=\"padding: 0px 0px 0px 0px;background-position:left top;background-repeat:no-repeat;-webkit-background-size:cover;-moz-background-size:cover;-o-background-size:cover;background-size:cover;\"  data-bg-url=\"\">\n\t\t\t\t\t\t<div class=\"fusion-title title fusion-sep-none fusion-title-size-two section--header\" style=\"margin-top:0px;margin-bottom:31px;\"><h2 class=\"title-heading-left\">Research teams<\/h2><\/div><div class=\"fusion-clearfix\"><\/div>\n\n\t\t\t\t\t<\/div>\n\t\t\t\t<\/div><div  class=\"fusion-layout-column fusion_builder_column fusion_builder_column_1_4  fusion-one-fourth fusion-column-first fusion-blend-mode home--equipe 1_4\"  style='margin-top:0px;margin-bottom:20px;width:25%;width:calc(25% - ( ( 4% + 4% + 4% ) * 0.25 ) );margin-right: 4%;'>\n\t\t\t\t\t<div class=\"fusion-column-wrapper\" style=\"background-color:#ffffff;padding: 30px 10px 10px 10px;background-position:left top;background-repeat:no-repeat;-webkit-background-size:cover;-moz-background-size:cover;-o-background-size:cover;background-size:cover;\"  data-bg-url=\"\">\n\t\t\t\t\t\t<div class=\"fusion-text\"><p style=\"text-align: center;\"><img decoding=\"async\" class=\"alignnone size-medium wp-image-749\" src=\"https:\/\/www.ibisc.univ-evry.fr\/wp-content\/uploads\/2018\/03\/Fichier-1@2x.png\" alt=\"\" width=\"150\" height=\"auto\" srcset=\"https:\/\/www.ibisc.univ-evry.fr\/wp-content\/uploads\/2018\/03\/Fichier-1@2x-200x156.png 200w, https:\/\/www.ibisc.univ-evry.fr\/wp-content\/uploads\/2018\/03\/Fichier-1@2x-300x234.png 300w, https:\/\/www.ibisc.univ-evry.fr\/wp-content\/uploads\/2018\/03\/Fichier-1@2x-400x313.png 400w, https:\/\/www.ibisc.univ-evry.fr\/wp-content\/uploads\/2018\/03\/Fichier-1@2x-600x469.png 600w, https:\/\/www.ibisc.univ-evry.fr\/wp-content\/uploads\/2018\/03\/Fichier-1@2x-768x600.png 768w, https:\/\/www.ibisc.univ-evry.fr\/wp-content\/uploads\/2018\/03\/Fichier-1@2x-800x625.png 800w, https:\/\/www.ibisc.univ-evry.fr\/wp-content\/uploads\/2018\/03\/Fichier-1@2x-1024x800.png 1024w, https:\/\/www.ibisc.univ-evry.fr\/wp-content\/uploads\/2018\/03\/Fichier-1@2x.png 1149w\" sizes=\"(max-width: 1149px) 100vw, 1149px\" \/><\/p>\n<\/div><div class=\"fusion-text\"><h3 style=\"text-align: center;\">AROB@S<\/h3>\n<p style=\"text-align: center;\">Algorithmic, Operational Research, Bioinformatic and Statistical Learning<\/p>\n<\/div><div class=\"fusion-text\"><p style=\"text-align: center;\"><a href=\"https:\/\/www.ibisc.univ-evry.fr\/en\/equipe\/arobas\/\"><strong><span style=\"color: #ff6600;\">Read More\u00a0\u2192<\/span><\/strong><\/a><\/p>\n<\/div><div class=\"fusion-clearfix\"><\/div>\n\n\t\t\t\t\t<\/div>\n\t\t\t\t<\/div><div  class=\"fusion-layout-column fusion_builder_column fusion_builder_column_1_4  fusion-one-fourth fusion-blend-mode home--equipe 1_4\"  style='margin-top:0px;margin-bottom:20px;width:25%;width:calc(25% - ( ( 4% + 4% + 4% ) * 0.25 ) );margin-right: 4%;'>\n\t\t\t\t\t<div class=\"fusion-column-wrapper\" style=\"background-color:#ffffff;padding: 30px 10px 10px 10px;background-position:left top;background-repeat:no-repeat;-webkit-background-size:cover;-moz-background-size:cover;-o-background-size:cover;background-size:cover;\"  data-bg-url=\"\">\n\t\t\t\t\t\t<div class=\"fusion-text\"><p style=\"text-align: center;\"><img decoding=\"async\" class=\"alignnone size-medium wp-image-751\" src=\"https:\/\/www.ibisc.univ-evry.fr\/wp-content\/uploads\/2018\/03\/Fichier-1@8x.png\" alt=\"\" width=\"100\" height=\"auto\" srcset=\"https:\/\/www.ibisc.univ-evry.fr\/wp-content\/uploads\/2018\/03\/Fichier-1@8x-200x228.png 200w, https:\/\/www.ibisc.univ-evry.fr\/wp-content\/uploads\/2018\/03\/Fichier-1@8x-264x300.png 264w, https:\/\/www.ibisc.univ-evry.fr\/wp-content\/uploads\/2018\/03\/Fichier-1@8x-400x455.png 400w, https:\/\/www.ibisc.univ-evry.fr\/wp-content\/uploads\/2018\/03\/Fichier-1@8x.png 530w\" sizes=\"(max-width: 530px) 100vw, 530px\" \/><\/p>\n<\/div><div class=\"fusion-text\"><h3 style=\"text-align: center;\">COSMO<\/h3>\n<p style=\"text-align: center;\">Communication, Specification &amp; Modeling<\/p>\n<\/div><div class=\"fusion-text\"><p style=\"text-align: center;\"><a href=\"https:\/\/www.ibisc.univ-evry.fr\/en\/equipe\/cosmo\/\"><strong><span style=\"color: #ff6600;\">Read more \u2192<\/span><\/strong><\/a><\/p>\n<\/div><div class=\"fusion-clearfix\"><\/div>\n\n\t\t\t\t\t<\/div>\n\t\t\t\t<\/div><div  class=\"fusion-layout-column fusion_builder_column fusion_builder_column_1_4  fusion-one-fourth fusion-blend-mode home--equipe 1_4\"  style='margin-top:0px;margin-bottom:20px;width:25%;width:calc(25% - ( ( 4% + 4% + 4% ) * 0.25 ) );margin-right: 4%;'>\n\t\t\t\t\t<div class=\"fusion-column-wrapper\" style=\"background-color:#ffffff;padding: 30px 10px 10px 10px;background-position:left top;background-repeat:no-repeat;-webkit-background-size:cover;-moz-background-size:cover;-o-background-size:cover;background-size:cover;\"  data-bg-url=\"\">\n\t\t\t\t\t\t<div class=\"fusion-text\"><p style=\"text-align: center;\"><img decoding=\"async\" class=\"alignnone size-full wp-image-753\" src=\"https:\/\/www.ibisc.univ-evry.fr\/wp-content\/uploads\/2018\/03\/Fichier-1@8x-1.png\" alt=\"\" width=\"120\" height=\"auto\" srcset=\"https:\/\/www.ibisc.univ-evry.fr\/wp-content\/uploads\/2018\/03\/Fichier-1@8x-1-200x190.png 200w, https:\/\/www.ibisc.univ-evry.fr\/wp-content\/uploads\/2018\/03\/Fichier-1@8x-1.png 289w\" sizes=\"(max-width: 289px) 100vw, 289px\" \/><\/p>\n<\/div><div class=\"fusion-text\"><h3 style=\"text-align: center;\">IRA2<\/h3>\n<p style=\"text-align: center;\">Interactions, Augmented Reality, Ambiant Robotic<\/p>\n<\/div><div class=\"fusion-text\"><p style=\"text-align: center;\"><a href=\"https:\/\/www.ibisc.univ-evry.fr\/en\/equipe\/ira2\/\"><strong><span style=\"color: #ff6600;\">Read More\u00a0\u2192<\/span><\/strong><\/a><\/p>\n<\/div><div class=\"fusion-clearfix\"><\/div>\n\n\t\t\t\t\t<\/div>\n\t\t\t\t<\/div><div  class=\"fusion-layout-column fusion_builder_column fusion_builder_column_1_4  fusion-one-fourth fusion-column-last fusion-blend-mode home--equipe 1_4\"  style='margin-top:0px;margin-bottom:20px;width:25%;width:calc(25% - ( ( 4% + 4% + 4% ) * 0.25 ) );'>\n\t\t\t\t\t<div class=\"fusion-column-wrapper\" style=\"background-color:#ffffff;padding: 30px 10px 10px 10px;background-position:left top;background-repeat:no-repeat;-webkit-background-size:cover;-moz-background-size:cover;-o-background-size:cover;background-size:cover;\"  data-bg-url=\"\">\n\t\t\t\t\t\t<div class=\"fusion-text\"><p style=\"text-align: center;\"><img decoding=\"async\" class=\"alignnone size-medium wp-image-755\" src=\"https:\/\/www.ibisc.univ-evry.fr\/wp-content\/uploads\/2018\/03\/icon_simob@2x.png\" alt=\"\" width=\"120\" height=\"auto\" srcset=\"https:\/\/www.ibisc.univ-evry.fr\/wp-content\/uploads\/2018\/03\/icon_simob@2x-200x179.png 200w, https:\/\/www.ibisc.univ-evry.fr\/wp-content\/uploads\/2018\/03\/icon_simob@2x-300x268.png 300w, https:\/\/www.ibisc.univ-evry.fr\/wp-content\/uploads\/2018\/03\/icon_simob@2x-400x357.png 400w, https:\/\/www.ibisc.univ-evry.fr\/wp-content\/uploads\/2018\/03\/icon_simob@2x.png 550w\" sizes=\"(max-width: 550px) 100vw, 550px\" \/><\/p>\n<\/div><div class=\"fusion-text\"><h3 style=\"text-align: center;\">SIAM<\/h3>\n<p style=\"text-align: center;\">Signal, Imaging &amp; AutoMation<\/p>\n<\/div><div class=\"fusion-text\"><p style=\"text-align: center;\"><a href=\"https:\/\/www.ibisc.univ-evry.fr\/en\/equipe\/siam-2\/\"><strong><span style=\"color: #ff6600;\">Read More\u00a0\u2192<\/span><\/strong><\/a><\/p>\n<\/div><div class=\"fusion-clearfix\"><\/div>\n\n\t\t\t\t\t<\/div>\n\t\t\t\t<\/div><div  class=\"fusion-layout-column fusion_builder_column fusion_builder_column_1_1  fusion-one-full fusion-column-first fusion-column-last 1_1\"  style='margin-top:0px;margin-bottom:20px;'>\n\t\t\t\t\t<div class=\"fusion-column-wrapper\" style=\"padding: 0px 0px 0px 0px;background-position:left top;background-repeat:no-repeat;-webkit-background-size:cover;-moz-background-size:cover;-o-background-size:cover;background-size:cover;\"  data-bg-url=\"\">\n\t\t\t\t\t\t<div class=\"fusion-title title fusion-sep-none fusion-title-size-two section--header\" style=\"margin-top:0px;margin-bottom:31px;\"><h2 class=\"title-heading-left\">Cross-cutting themes<\/h2><\/div><div class=\"fusion-text\"><p style=\"padding-left: 40px;\"><strong>AI<\/strong> (<a href=\"https:\/\/ia.fourer.fr\/\">see website maintained outside IBISC by Dominque FOURER<\/a>)<\/p>\n<p style=\"padding-left: 40px;\">Leaders: Dominique FOURER (Assistant Professor, University of \u00c9vry, IBISC SIAM team) and Massinissa HAMIDI (Assistant Professor, University of \u00c9vry, IBISC AROBAS team)<\/p>\n<p style=\"padding-left: 40px;\"><strong>Precision medicine<\/strong><\/p>\n<p style=\"padding-left: 40px;\">Leaders: Farida ZEHRAOUI (PR University of Tours, LIFAT) and Sergiu IVANOV (MCF Univ. Evry, IBISC COSMO team)<\/p>\n<p style=\"padding-left: 40px;\"><strong>Digital Twin<\/strong><\/p>\n<p style=\"padding-left: 40px;\">Leaders: Jean-Yves DIDIER (Professor, University of \u00c9vry, IBISC IRA2 team) and Guillaume B\u00c9DINEAU (Assistant Professor, University of \u00c9vry, IBISC COSMO team)<\/p>\n<\/div><div class=\"fusion-clearfix\"><\/div>\n\n\t\t\t\t\t<\/div>\n\t\t\t\t<\/div><div  class=\"fusion-layout-column fusion_builder_column fusion_builder_column_1_1  fusion-one-full fusion-column-first fusion-column-last 1_1\"  style='margin-top:0px;margin-bottom:20px;'>\n\t\t\t\t\t<div class=\"fusion-column-wrapper\" style=\"padding: 0px 0px 0px 0px;background-position:left top;background-repeat:no-repeat;-webkit-background-size:cover;-moz-background-size:cover;-o-background-size:cover;background-size:cover;\"  data-bg-url=\"\">\n\t\t\t\t\t\t<div class=\"fusion-title title fusion-sep-none fusion-title-size-two section--header\" style=\"margin-top:0px;margin-bottom:31px;\"><h2 class=\"title-heading-left\">Referrers or correspondents<\/p><\/h2><\/div><div class=\"fusion-text\"><p><strong>Seminars<\/strong><br \/>\nNa\u00efma AITOUFROUKH-MAMMAR (MCF Univ. \u00c9vry, IBISC SIAM team)<\/p>\n<p><strong>Health and Safety<\/strong><br \/>\nGislin BEMBA (IGE Univ. \u00c9vry, IBISC), IT Manager IBISC Pelvoux site<\/p>\n<p>Ludovic ISHIOMIN (IGR Univ. \u00c9vry, IBISC), IBISC IT manager, IBGBI site<\/p>\n<p><strong>Research ethics [<a href=\"https:\/\/www.ibisc.univ-evry.fr\/en\/research-ethics\/\">See more &#8230;<\/a>]<\/strong><br \/>\nAmine CHELLALI (MCF Univ. \u00c9vry, IBISC IRA2 team)<\/p>\n<p><strong>Sustainable development<\/strong><br \/>\nChristophe MONTAGNE (MCF Univ. \u00c9vry, IRA2 team)<\/p>\n<\/div><div class=\"fusion-sep-clear\"><\/div><div class=\"fusion-separator fusion-full-width-sep sep-single sep-solid\" style=\"border-color:#e0dede;border-top-width:1px;margin-left: auto;margin-right: auto;margin-top:;\"><\/div><div class=\"fusion-text\"><p>Updated on March 06, 2026<\/p>\n<\/div><div class=\"fusion-clearfix\"><\/div>\n\n\t\t\t\t\t<\/div>\n\t\t\t\t<\/div><\/div><\/div><div class=\"fusion-fullwidth fullwidth-box nonhundred-percent-fullwidth non-hundred-percent-height-scrolling\"  style='background-color: rgba(255,255,255,0);background-position: center center;background-repeat: no-repeat;padding-top:0px;padding-right:0px;padding-bottom:0px;padding-left:0px;'><div class=\"fusion-builder-row fusion-row \"><\/div><\/div><\/p>\n","protected":false},"excerpt":{"rendered":"","protected":false},"author":12,"featured_media":0,"parent":0,"menu_order":0,"comment_status":"closed","ping_status":"closed","template":"","meta":{"_acf_changed":false,"inline_featured_image":false,"footnotes":""},"class_list":["post-785","page","type-page","status-publish","hentry"],"acf":[],"_links":{"self":[{"href":"https:\/\/www.ibisc.univ-evry.fr\/en\/wp-json\/wp\/v2\/pages\/785"}],"collection":[{"href":"https:\/\/www.ibisc.univ-evry.fr\/en\/wp-json\/wp\/v2\/pages"}],"about":[{"href":"https:\/\/www.ibisc.univ-evry.fr\/en\/wp-json\/wp\/v2\/types\/page"}],"author":[{"embeddable":true,"href":"https:\/\/www.ibisc.univ-evry.fr\/en\/wp-json\/wp\/v2\/users\/12"}],"replies":[{"embeddable":true,"href":"https:\/\/www.ibisc.univ-evry.fr\/en\/wp-json\/wp\/v2\/comments?post=785"}],"version-history":[{"count":70,"href":"https:\/\/www.ibisc.univ-evry.fr\/en\/wp-json\/wp\/v2\/pages\/785\/revisions"}],"predecessor-version":[{"id":14557,"href":"https:\/\/www.ibisc.univ-evry.fr\/en\/wp-json\/wp\/v2\/pages\/785\/revisions\/14557"}],"wp:attachment":[{"href":"https:\/\/www.ibisc.univ-evry.fr\/en\/wp-json\/wp\/v2\/media?parent=785"}],"curies":[{"name":"wp","href":"https:\/\/api.w.org\/{rel}","templated":true}]}}