{"id":8284,"date":"2023-04-26T23:41:49","date_gmt":"2023-04-26T21:41:49","guid":{"rendered":"https:\/\/www.ibisc.univ-evry.fr\/?page_id=8284"},"modified":"2023-05-28T04:08:06","modified_gmt":"2023-05-28T02:08:06","slug":"advance-2023-10th-international-workshop-on-advances-in-ict-infrastructures-and-services","status":"publish","type":"page","link":"https:\/\/www.ibisc.univ-evry.fr\/en\/advance-2023-10th-international-workshop-on-advances-in-ict-infrastructures-and-services\/","title":{"rendered":"ADVANCE 2023 &#8211; 10th International Workshop on ADVANCEs in  ICT Infrastructures and Services"},"content":{"rendered":"<div class=\"fusion-fullwidth fullwidth-box nonhundred-percent-fullwidth non-hundred-percent-height-scrolling\"  style='background-color: rgba(255,255,255,0);background-position: center center;background-repeat: no-repeat;padding-top:0px;padding-right:0px;padding-bottom:0px;padding-left:0px;'><div class=\"fusion-builder-row fusion-row \"><div  class=\"fusion-layout-column fusion_builder_column fusion_builder_column_1_2  fusion-one-half fusion-column-first 1_2\"  style='margin-top:0px;margin-bottom:20px;width:50%;width:calc(50% - ( ( 4% ) * 0.5 ) );margin-right: 4%;'>\n\t\t\t\t\t<div class=\"fusion-column-wrapper\" style=\"padding: 0px 0px 0px 0px;background-position:left top;background-repeat:no-repeat;-webkit-background-size:cover;-moz-background-size:cover;-o-background-size:cover;background-size:cover;\"  data-bg-url=\"\">\n\t\t\t\t\t\t<div class=\"fusion-text\"><p style=\"text-align: right;\"><a href=\"https:\/\/www.ibisc.univ-evry.fr\/wp-content\/uploads\/2023\/04\/Proceedings_Advance2023.pdf\"><strong><span style=\"color: #ff0000;\">Download the ADVANCE 2023 proceeding<\/span><\/strong><\/a><\/p>\n<\/div><div class=\"fusion-sep-clear\"><\/div><div class=\"fusion-separator fusion-full-width-sep sep-single sep-solid\" style=\"border-color:#e0dede;border-top-width:1px;margin-left: auto;margin-right: auto;margin-top:;\"><\/div><div class=\"fusion-text\"><p><a href=\"https:\/\/lrsm.ibisc.univ-evry.fr\/ADVANCE2023\/index.html\"><strong>ADVANCE 2023 Web site<\/strong><\/a><\/p>\n<\/div><div class=\"fusion-sep-clear\"><\/div><div class=\"fusion-separator fusion-full-width-sep sep-single sep-solid\" style=\"border-color:#e0dede;border-top-width:1px;margin-left: auto;margin-right: auto;margin-top:;\"><\/div><div class=\"fusion-text\"><p><strong>Technical Session 1 (Full Papers)<\/strong><\/p>\n<p style=\"padding-left: 30px;\"><strong>FP1.1.<\/strong> Gomes, Francisco, Filipe Matos, Paulo Rego, Fernando Trinta, et Jos\u00e9 de\u00a0Souza. \u00ab\u00a0<strong>Evaluating the use of the Homomorphic Algorithm on Computational Offloading<\/strong>\u00a0\u00bb.\u00a0<span lang=\"EN-US\">[<a href=\"https:\/\/doi.org\/10.48545\/advance2023-fullpapers-1_1\">DOI<\/a>][<a href=\"https:\/\/hal.science\/hal-04077300\">HAL<\/a>]<\/span><\/p>\n<p style=\"padding-left: 30px;\"><strong>FP1.2.<\/strong>\u00a0Souza, Vagner Henrique De, Antonio Wendell de\u00a0Oliveira Rodrigues, Matheus Lima, Cl\u00e1udio Marques de\u00a0S\u00e1 Medeiros, et Edilson Mineiro S\u00e1 J\u00fanior. \u00ab\u00a0<strong>SmartGrid Improvements on Photovoltaic Systems by Analyzing Energy and Weather Measures<\/strong>\u00a0\u00bb.\u00a0<span lang=\"EN-US\">[<a href=\"https:\/\/doi.org\/10.48545\/advance2023-fullpapers-1_2\">DOI<\/a>][<a href=\"https:\/\/hal.science\/hal-04077336\">HAL<\/a>]<\/span><\/p>\n<p style=\"padding-left: 30px;\"><span lang=\"EN-US\"><strong>FP1.3.<\/strong>\u00a0Aouragh, Safia, Fanny Kalinowski et Karima Boudaoud. \u00ab\u00a0<strong>Usability and security of e-voting systems<\/strong>\u00a0\u00bb. [<a href=\"https:\/\/doi.org\/10.48545\/advance2023-fullpapers-1_3\">DOI<\/a>][<a href=\"https:\/\/hal.science\/hal-04077303\">HAL<\/a>]<\/span><\/p>\n<p><strong>Technical Session 2 (Short Papers)<\/strong><\/p>\n<p style=\"padding-left: 30px;\"><strong>SP2.1.<\/strong> Silva, Wilson R. S., et Diego L. Cardoso. \u00ab\u00a0<strong>Aerial Base Station Allocation Strategy<\/strong>\u00a0\u00bb.\u00a0<span lang=\"EN-US\">[<a href=\"https:\/\/doi.org\/10.48545\/advance2023-shortpapers-2_1\">DOI<\/a>][<a href=\"https:\/\/hal.science\/hal-04077319\">HAL<\/a>]<\/span><\/p>\n<p style=\"padding-left: 30px;\"><strong>SP2.2.<\/strong>\u00a0 Vieira V de Freitas, Keyvilania, C. Alexandre R. Fernandes, James Ferreira, et Gabriela Alburquerque dos Santos. \u00ab\u00a0<strong>The use of Machine Learning for predicting the sentence given by the population at a crime scene<\/strong>\u00a0\u00bb.<span lang=\"EN-US\"> [<a href=\"https:\/\/doi.org\/10.48545\/advance2023-shortpapers-2_2\">DOI<\/a>][<a href=\"https:\/\/hal.science\/hal-04077352\">HAL<\/a>]<\/span><\/p>\n<p><strong>Technical Session 3 (Full Papers)<\/strong><\/p>\n<p style=\"padding-left: 30px;\"><strong>FP3.1.<\/strong>\u00a0Francisco Junior, Daniel Fiuza, Fabio Gomes, Ivana Cristina, Odorico Monteiro and Mauro Oliveira. <strong>\u00ab\u00a0A SmartNextGISSA for Monitoring and Predicting of Comorbidities\u00a0\u00bb<\/strong>. <span lang=\"EN-US\">[<a href=\"https:\/\/doi.org\/10.48545\/advance2023-fullpapers-3_1\">DOI<\/a>][<a href=\"https:\/\/hal.science\/hal-04083150\">HAL<\/a>]<\/span><\/p>\n<p style=\"padding-left: 30px;\"><strong>FP3.2.<\/strong>\u00a0 Silva, Eliel R., Jonice Oliveira, et Tiago Cruz de\u00a0Fran\u00e7a. \u00ab\u00a0<strong>CidadeSocial: A social sensing model for urban dynamics<\/strong>\u00a0\u00bb. <span lang=\"EN-US\">[<a href=\"https:\/\/doi.org\/10.48545\/advance2023-fullpapers-3_2\">DOI<\/a>][<a href=\"https:\/\/hal.science\/hal-04078795\">HAL<\/a>]<\/span><\/p>\n<p style=\"padding-left: 30px;\"><strong>FP3.3.<\/strong> Teixeira de Aquino, Andr\u00e9, Jos\u00e9 Ailton Le\u00e3o Barboza J\u00fanior, Nicolas de\u00a0Araujo Moreira, et Paulo Peixoto Pra\u00e7a. \u00ab\u00a0<strong>Impacts of GPS module on energy consumption and machine-learning based battery lifetime estimation<\/strong>\u00a0\u00bb. <span lang=\"EN-US\">[<a href=\"https:\/\/doi.org\/10.48545\/advance2023-fullpapers-3_3\">DOI<\/a>][<a href=\"https:\/\/hal.science\/hal-04077301\">HAL<\/a>]<\/span><\/p>\n<p><strong>Technical Session 4 (Full Papers)<\/strong><\/p>\n<p style=\"padding-left: 30px;\"><strong>FP4.1.<\/strong>\u00a0 De Paiva Avelino, Douglas, Jeann de\u00a0Souza Teixeira, et Ant\u00f4nio Alan Rodrigues de Ara\u00fajo. \u00ab\u00a0<strong>Application in Autocad to automate the calculation of mechanical efforts in fiber optic network projects<\/strong>\u00a0\u00bb.\u00a0<span lang=\"EN-US\">[<a href=\"https:\/\/doi.org\/10.48545\/advance2023-fullpapers-4_1\">DOI<\/a>][<a href=\"https:\/\/hal.science\/hal-04078794\">HAL<\/a>]<\/span><\/p>\n<p style=\"padding-left: 30px;\"><strong>FP4.2.<\/strong>\u00a0Xavier, Eduardo Sidney, Nazim Agoulmine, et Joberto S B Martins. \u00ab\u00a0<strong>On Modeling Network Slicing Communication Resources with SARSA Optimization<\/strong>\u00a0\u00bb.\u00a0<span lang=\"EN-US\">[<a href=\"https:\/\/doi.org\/10.48545\/advance2023-fullpapers-4_2\">DOI<\/a>][<a href=\"https:\/\/hal.science\/hal-03998854\">HAL<\/a>]<\/span><\/p>\n<p><strong>Technical Session 5 (Short Papers)<\/strong><\/p>\n<p style=\"padding-left: 30px;\"><strong>SP5.1.<\/strong>\u00a0 Quintino, Joyce, Carina T. de Oliveira, et Rossana M. C. Andrade. \u00ab\u00a0<strong>Blockchain Security in the Internet of Things: Literature Review<\/strong>\u00a0\u00bb.\u00a0<span lang=\"EN-US\">[<a href=\"https:\/\/doi.org\/10.48545\/advance2023-shortpapers-5_1\">DOI<\/a>][<a href=\"https:\/\/hal.science\/hal-04077321\">HAL<\/a>]<\/span><\/p>\n<p style=\"padding-left: 30px;\"><strong>SP5.2.<\/strong>\u00a0Farkouh, Julie, Audrey Ahoukeng Donwoung, et Nazim Agoulmine. \u00ab\u00a0<strong>Intelligent Orchestration of Containerized Applications in Cloud Infrastructures<\/strong>\u00a0\u00bb.\u00a0<span lang=\"EN-US\">[<a href=\"https:\/\/doi.org\/10.48545\/advance2023-shortpapers-5_2\">DOI<\/a>][<a href=\"https:\/\/hal.science\/hal-04078796\">HAL<\/a>]<\/span><\/p>\n<p style=\"padding-left: 30px;\"><strong>SP5.3.<\/strong>\u00a0Gomes, Francisco, Paulo Rego, Fernando Trinta, et Jos\u00e9 de\u00a0Souza. \u00ab\u00a0<strong>Comparative Analysis of Service Mesh Platforms in Microservices-Based Benchmark Applications<\/strong>\u00a0\u00bb.\u00a0<span lang=\"EN-US\">[<a href=\"https:\/\/doi.org\/10.48545\/advance2023-shortpapers-5_3\">DOI<\/a>][<a href=\"https:\/\/hal.science\/hal-04077298\">HAL<\/a>]<\/span><\/p>\n<p style=\"padding-left: 30px;\"><strong>SP5.4.<\/strong>\u00a0Ahoukeng Donwoung, Audrey, Nazim Agoulmine, et Bachir Djafri. \u00ab\u00a0<strong>Tooled Methods for the Simulation of Deployment of Safe Services in the Internet of Vehicles<\/strong>\u00a0\u00bb.\u00a0<span lang=\"EN-US\">[<a href=\"https:\/\/doi.org\/10.48545\/advance2023-shortpapers-5_4\">DOI<\/a>][<a href=\"https:\/\/hal.science\/hal-04077302\">HAL<\/a>]<\/span><\/p>\n<\/div><div class=\"fusion-clearfix\"><\/div>\n\n\t\t\t\t\t<\/div>\n\t\t\t\t<\/div><div  class=\"fusion-layout-column fusion_builder_column fusion_builder_column_1_2  fusion-one-half fusion-column-last 1_2\"  style='margin-top:0px;margin-bottom:20px;width:50%;width:calc(50% - ( ( 4% ) * 0.5 ) );'>\n\t\t\t\t\t<div class=\"fusion-column-wrapper\" style=\"padding: 0px 0px 0px 0px;background-position:left top;background-repeat:no-repeat;-webkit-background-size:cover;-moz-background-size:cover;-o-background-size:cover;background-size:cover;\"  data-bg-url=\"\">\n\t\t\t\t\t\t<div class=\"fusion-text\"><p><strong>DOI<\/strong> :\u00a0<a href=\"https:\/\/doi.org\/10.48545\/advance2023-proceedings\">https:\/\/doi.org\/10.48545\/advance2023-proceedings<\/a><\/p>\n<h2>Foreword<\/h2>\n<p style=\"padding-left: 30px;\">It is a great pleasure to present you ADVANCE\u20192023: the 10<em><sup>th <\/sup><\/em>International Workshop on ADVANCEs in ICT Infrastructures and Services. This year, the event was held in Fortaleza and Jericoacoara (Brazil), returning to being an in-person event after two years of the COVID-19 pandemic. During the pandemic, ICT technologies played a key role in our societies, as the virus had dramatically limited our social face-to-face interactions. Communication technologies are helping us to mitigate constraints, and we envision that in the following years advances in networking, distributed services, and distributed infrastructures can also significantly help manage sanitary conditions. ADVANCE represents, therefore, a fantastic forum for discussion about how current ICT technologies and their research trends should evolve to meet our current and future emergency needs in the ICT domain. The focus of the ADVANCE series of workshops is to provide a forum for the publication, presentation, and discussion of relevant efforts of the worldwide scientific community, practitioners, researchers, and engineers from both academia and industry on the latest theoretical and technological advances in ICT.<\/p>\n<p style=\"padding-left: 30px;\">After the successful organization of the 1st ADVANCE workshop in 2012 in Canoa Quebrada (Brazil) with the support of IFCE Aracati, the 2<em><sup>nd <\/sup><\/em>edition was held in the city of Morro de Sao Paulo (Brazil). In 2013, with the support of IFCE, the 3<em><sup>rd <\/sup><\/em>edition was held in Miami (USA). In 2014, with the support of IFU, the 4<em><sup>th <\/sup><\/em>edition was held in Recife (Brazil). In 2015, with the support of UFPE, the 5<em><sup>th <\/sup><\/em>edition was held in the city of Evry Val d\u2019Essonne (France). In 2017, with the support of UEVE\/Paris Saclay, the 6<em><sup>th <\/sup><\/em>edition of the workshop was held in the beautiful city of Santiago de Chile (Chile), with the support of the Universidad De Chile (UC). The 7<em><sup>th <\/sup><\/em>edition was held in Cape Verde Islands with the support of the Universidad de Cabo Verde. In 2020, the 8<em><sup>th <\/sup><\/em>edition was held in the city of Cancun (Mexico) with the support of the Universidad del Caribe and the Universidad Autonoma de Yucatan. The 9<em><sup>th <\/sup><\/em>edition was held online, with the support of the University of Zaragoza (Spain) and University College Cork (Ireland).<\/p>\n<p style=\"padding-left: 30px;\">Fortunately, this 10<em><sup>th <\/sup><\/em>edition of the workshop event is being held in-person in Fortaleza and Jericoacoara with the support of the Federal University of Cear\u00b4a (UFC) and the Federal Institute of Education, Science and Technology of Cear\u00b4a (IFCE-Fortaleza). ADVANCE\u20192023 consists of five main sessions, with three Invited Talks and four short professional courses. The technical sessions address current hot topics, including Mobile Computing and Offloading; SmartGrid, Smart Cities and Internet of Things; Cloud and Fog computing; Optical network; Network Slicing; Block-Chain technologies; UAV communication and VANETs; AI Applied to infrastructures and services; and Social data management. The five Technical Sessions consist of 8 full papers and 6 short papers. The first invited talk about \u201dPerformability Modeling: Complexity vs. Representativeness\u201d was given by the invited speaker Prof. Paulo Romero Martin\u00a0Maciel (Federal University of Pernambuco &#8211; Brazil). The second invited talk, about \u201dIntent-Based Networking\u201d, was given by the invited speaker Prof. Nazim Agoulmine (University of Evry &#8211; France). The third invited talk, about \u201dScaling Blockchain\u201d was given by Prof Abdelhakim Hafid (University of Montreal Canada).<\/p>\n<p style=\"padding-left: 30px;\">We appreciate the presence of all participants, invited speakers, and the 44 authors that submitted their papers to ADVANCE\u20192023. We would also like to acknowledge the work of the 35 members of the Technical Program Committee for their hard work in reviewing the submissions. Finally, we thank our colleagues from UFC and IFCE for the organization and for making possible the celebration of ADVANCE\u20192023 in the beautiful state of Cear\u00e1 in Brazil.<\/p>\n<p style=\"padding-left: 30px;\"><strong>Prof Paulo Antonio Leal Rego, TPC Chair.<\/strong><\/p>\n<\/div><div class=\"fusion-clearfix\"><\/div>\n\n\t\t\t\t\t<\/div>\n\t\t\t\t<\/div><\/div><\/div>\n","protected":false},"excerpt":{"rendered":"","protected":false},"author":12,"featured_media":8282,"parent":0,"menu_order":0,"comment_status":"closed","ping_status":"closed","template":"","meta":{"_acf_changed":false,"inline_featured_image":false,"footnotes":""},"class_list":["post-8284","page","type-page","status-publish","has-post-thumbnail","hentry"],"acf":[],"_links":{"self":[{"href":"https:\/\/www.ibisc.univ-evry.fr\/en\/wp-json\/wp\/v2\/pages\/8284"}],"collection":[{"href":"https:\/\/www.ibisc.univ-evry.fr\/en\/wp-json\/wp\/v2\/pages"}],"about":[{"href":"https:\/\/www.ibisc.univ-evry.fr\/en\/wp-json\/wp\/v2\/types\/page"}],"author":[{"embeddable":true,"href":"https:\/\/www.ibisc.univ-evry.fr\/en\/wp-json\/wp\/v2\/users\/12"}],"replies":[{"embeddable":true,"href":"https:\/\/www.ibisc.univ-evry.fr\/en\/wp-json\/wp\/v2\/comments?post=8284"}],"version-history":[{"count":9,"href":"https:\/\/www.ibisc.univ-evry.fr\/en\/wp-json\/wp\/v2\/pages\/8284\/revisions"}],"predecessor-version":[{"id":8390,"href":"https:\/\/www.ibisc.univ-evry.fr\/en\/wp-json\/wp\/v2\/pages\/8284\/revisions\/8390"}],"wp:featuredmedia":[{"embeddable":true,"href":"https:\/\/www.ibisc.univ-evry.fr\/en\/wp-json\/wp\/v2\/media\/8282"}],"wp:attachment":[{"href":"https:\/\/www.ibisc.univ-evry.fr\/en\/wp-json\/wp\/v2\/media?parent=8284"}],"curies":[{"name":"wp","href":"https:\/\/api.w.org\/{rel}","templated":true}]}}