{"id":873,"date":"2018-03-08T11:56:21","date_gmt":"2018-03-08T10:56:21","guid":{"rendered":"https:\/\/www.ibisc.univ-evry.fr\/ira2-team\/"},"modified":"2024-05-30T22:15:08","modified_gmt":"2024-05-30T20:15:08","slug":"ira2-team","status":"publish","type":"page","link":"https:\/\/www.ibisc.univ-evry.fr\/en\/members\/ira2-team\/","title":{"rendered":"IRA2 Members"},"content":{"rendered":"<div class=\"fusion-fullwidth fullwidth-box nonhundred-percent-fullwidth non-hundred-percent-height-scrolling\"  style='background-color: rgba(255,255,255,0);background-position: center center;background-repeat: no-repeat;padding-top:0px;padding-right:0px;padding-bottom:0px;padding-left:0px;'><div class=\"fusion-builder-row fusion-row \"><div  class=\"fusion-layout-column fusion_builder_column fusion_builder_column_1_1  fusion-one-full fusion-column-first fusion-column-last 1_1\"  style='margin-top:0px;margin-bottom:20px;'>\n\t\t\t\t\t<div class=\"fusion-column-wrapper\" style=\"padding: 0px 0px 0px 0px;background-position:left top;background-repeat:no-repeat;-webkit-background-size:cover;-moz-background-size:cover;-o-background-size:cover;background-size:cover;\"  data-bg-url=\"\">\n\t\t\t\t\t\t<div class=\"fusion-text\">\n\t\t<div class=\"role_shortcode row\" >\n\t\t\t<h3>Professeur des Universit\u00e9s<\/h3>\n\t\t\t<div class=\"user_container\">\n\t\t\t\t\t\t<div class=\"user_shortcode col-md-2 col-md-offset-1\" >\n\t\t\t\t\t\t\t<a href=\"https:\/\/www.ibisc.univ-evry.fr\/membre?user=238\">\n\t\t\t\t\t\t\t\t<p>ALFAYAD Samer<\/p>\n\t\t\t\t\t\t\t<\/a>\n\t\t\t\t\t\t<\/div>\n\t\t\t\t\t\t<div class=\"user_shortcode col-md-2 col-md-offset-1\" >\n\t\t\t\t\t\t\t<a href=\"https:\/\/www.ibisc.univ-evry.fr\/membre?user=22\">\n\t\t\t\t\t\t\t\t<p>ARIOUI Hichem<\/p>\n\t\t\t\t\t\t\t<\/a>\n\t\t\t\t\t\t<\/div>\n\t\t\t\t\t\t<div class=\"user_shortcode col-md-2 col-md-offset-1\" >\n\t\t\t\t\t\t\t<a href=\"https:\/\/www.ibisc.univ-evry.fr\/membre?user=38\">\n\t\t\t\t\t\t\t\t<p>DIDIER Jean-Yves<\/p>\n\t\t\t\t\t\t\t<\/a>\n\t\t\t\t\t\t<\/div>\n\t\t\t\t\t\t<div class=\"user_shortcode col-md-2 col-md-offset-1\" >\n\t\t\t\t\t\t\t<a href=\"https:\/\/www.ibisc.univ-evry.fr\/membre?user=40\">\n\t\t\t\t\t\t\t\t<p>DJEMAL Khalifa<\/p>\n\t\t\t\t\t\t\t<\/a>\n\t\t\t\t\t\t<\/div>\n\t\t\t\t\t\t<div class=\"user_shortcode col-md-2 col-md-offset-1\" >\n\t\t\t\t\t\t\t<a href=\"https:\/\/www.ibisc.univ-evry.fr\/membre?user=13\">\n\t\t\t\t\t\t\t\t<p>MALLEM Malik<\/p>\n\t\t\t\t\t\t\t<\/a>\n\t\t\t\t\t\t<\/div>\n\t\t\t\t\t\t<div class=\"user_shortcode col-md-2 col-md-offset-1\" >\n\t\t\t\t\t\t\t<a href=\"https:\/\/www.ibisc.univ-evry.fr\/membre?user=14\">\n\t\t\t\t\t\t\t\t<p>OTMANE Samir<\/p>\n\t\t\t\t\t\t\t<\/a>\n\t\t\t\t\t\t<\/div>\n\t\t\t\t\t\t<div class=\"user_shortcode col-md-2 col-md-offset-1\" >\n\t\t\t\t\t\t\t<a href=\"https:\/\/www.ibisc.univ-evry.fr\/membre?user=237\">\n\t\t\t\t\t\t\t\t<p>SIDIBE D\u00e9sir\u00e9<\/p>\n\t\t\t\t\t\t\t<\/a>\n\t\t\t\t\t\t<\/div>\n\t\t\t\t\t\t<div class=\"user_shortcode col-md-2 col-md-offset-1\" >\n\t\t\t\t\t\t\t<a href=\"https:\/\/www.ibisc.univ-evry.fr\/membre?user=368\">\n\t\t\t\t\t\t\t\t<p>SU Hang<\/p>\n\t\t\t\t\t\t\t<\/a>\n\t\t\t\t\t\t<\/div>\n\t\t\t\t\t\t<div class=\"user_shortcode col-md-2 col-md-offset-1\" >\n\t\t\t\t\t\t\t<a href=\"https:\/\/www.ibisc.univ-evry.fr\/membre?user=235\">\n\t\t\t\t\t\t\t\t<p>TABIA Hedi<\/p><br><p><b>Responsable \u00e9quipe IRA2<\/b><\/p>\n\t\t\t\t\t\t\t<\/a>\n\t\t\t\t\t\t<\/div>\n\t\t\t<\/div>\n\t\t<\/div>\n\t\t\t<\/div>\n\t\t<\/div>\n\t\t<div class=\"role_shortcode row\" >\n\t\t\t<h3>Ma\u00eetre de Conf\u00e9rences<\/h3>\n\t\t\t<div class=\"user_container\">\n\t\t\t\t\t\t<div class=\"user_shortcode col-md-2 col-md-offset-1\" >\n\t\t\t\t\t\t\t<a href=\"https:\/\/www.ibisc.univ-evry.fr\/membre?user=27\">\n\t\t\t\t\t\t\t\t<p>BENCHIKH Laredj<\/p>\n\t\t\t\t\t\t\t<\/a>\n\t\t\t\t\t\t<\/div>\n\t\t\t\t\t\t<div class=\"user_shortcode col-md-2 col-md-offset-1\" >\n\t\t\t\t\t\t\t<a href=\"https:\/\/www.ibisc.univ-evry.fr\/membre?user=28\">\n\t\t\t\t\t\t\t\t<p>BOUYER Guillaume<\/p>\n\t\t\t\t\t\t\t<\/a>\n\t\t\t\t\t\t<\/div>\n\t\t\t\t\t\t<div class=\"user_shortcode col-md-2 col-md-offset-1\" >\n\t\t\t\t\t\t\t<a href=\"https:\/\/www.ibisc.univ-evry.fr\/membre?user=339\">\n\t\t\t\t\t\t\t\t<p>CHALARD R\u00e9mi<\/p>\n\t\t\t\t\t\t\t<\/a>\n\t\t\t\t\t\t<\/div>\n\t\t\t\t\t\t<div class=\"user_shortcode col-md-2 col-md-offset-1\" >\n\t\t\t\t\t\t\t<a href=\"https:\/\/www.ibisc.univ-evry.fr\/membre?user=31\">\n\t\t\t\t\t\t\t\t<p>CHELLALI Amine<\/p><br><p><b>Responsable adjoint \u00e9quipe IRA2<\/b><\/p>\n\t\t\t\t\t\t\t<\/a>\n\t\t\t\t\t\t<\/div>\n\t\t\t\t\t\t<div class=\"user_shortcode col-md-2 col-md-offset-1\" >\n\t\t\t\t\t\t\t<a href=\"https:\/\/www.ibisc.univ-evry.fr\/membre?user=42\">\n\t\t\t\t\t\t\t\t<p>HADJ-ABDELKADER Hicham<\/p>\n\t\t\t\t\t\t\t<\/a>\n\t\t\t\t\t\t<\/div>\n\t\t\t\t\t\t<div class=\"user_shortcode col-md-2 col-md-offset-1\" >\n\t\t\t\t\t\t\t<a href=\"https:\/\/www.ibisc.univ-evry.fr\/membre?user=189\">\n\t\t\t\t\t\t\t\t<p>LOUP Guillaume<\/p>\n\t\t\t\t\t\t\t<\/a>\n\t\t\t\t\t\t<\/div>\n\t\t\t\t\t\t<div class=\"user_shortcode col-md-2 col-md-offset-1\" >\n\t\t\t\t\t\t\t<a href=\"https:\/\/www.ibisc.univ-evry.fr\/membre?user=55\">\n\t\t\t\t\t\t\t\t<p>MONTAGNE Christophe<\/p>\n\t\t\t\t\t\t\t<\/a>\n\t\t\t\t\t\t<\/div>\n\t\t\t\t\t\t<div class=\"user_shortcode col-md-2 col-md-offset-1\" >\n\t\t\t\t\t\t\t<a href=\"https:\/\/www.ibisc.univ-evry.fr\/membre?user=57\">\n\t\t\t\t\t\t\t\t<p>NEJI Najett<\/p>\n\t\t\t\t\t\t\t<\/a>\n\t\t\t\t\t\t<\/div>\n\t\t\t\t\t\t<div class=\"user_shortcode col-md-2 col-md-offset-1\" >\n\t\t\t\t\t\t\t<a href=\"https:\/\/www.ibisc.univ-evry.fr\/membre?user=151\">\n\t\t\t\t\t\t\t\t<p>RICCA CAMB\u00d3N Aylen<\/p>\n\t\t\t\t\t\t\t<\/a>\n\t\t\t\t\t\t<\/div>\n\t\t\t\t\t\t<div class=\"user_shortcode col-md-2 col-md-offset-1\" >\n\t\t\t\t\t\t\t<a href=\"https:\/\/www.ibisc.univ-evry.fr\/membre?user=63\">\n\t\t\t\t\t\t\t\t<p>ROUSSEL David<\/p>\n\t\t\t\t\t\t\t<\/a>\n\t\t\t\t\t\t<\/div>\n\t\t\t\t\t\t<div class=\"user_shortcode col-md-2 col-md-offset-1\" >\n\t\t\t\t\t\t\t<a href=\"https:\/\/www.ibisc.univ-evry.fr\/membre?user=64\">\n\t\t\t\t\t\t\t\t<p>SEGUY Nicolas<\/p>\n\t\t\t\t\t\t\t<\/a>\n\t\t\t\t\t\t<\/div>\n\t\t\t<\/div>\n\t\t<\/div>\n\t\t<div class=\"role_shortcode row\" >\n\t\t\t<h3>BIATSS<\/h3>\n\t\t\t<div class=\"user_container\">\n\t\t\t\t\t\t<div class=\"user_shortcode col-md-2 col-md-offset-1\" >\n\t\t\t\t\t\t\t<a href=\"https:\/\/www.ibisc.univ-evry.fr\/membre?user=359\">\n\t\t\t\t\t\t\t\t<p>BALLIT Abbass<\/p><br><p><b>Post-doctorant projet maturation SATT ARROW<\/b><\/p>\n\t\t\t\t\t\t\t<\/a>\n\t\t\t\t\t\t<\/div>\n\t\t\t\t\t\t<div class=\"user_shortcode col-md-2 col-md-offset-1\" >\n\t\t\t\t\t\t\t<a href=\"https:\/\/www.ibisc.univ-evry.fr\/membre?user=12\">\n\t\t\t\t\t\t\t\t<p>DAVESNE Fr\u00e9d\u00e9ric<\/p><br><p><b>Ing\u00e9nieur de Recherche Plate-formes<\/b><\/p>\n\t\t\t\t\t\t\t<\/a>\n\t\t\t\t\t\t<\/div>\n\t\t\t\t\t\t<div class=\"user_shortcode col-md-2 col-md-offset-1\" >\n\t\t\t\t\t\t\t<a href=\"https:\/\/www.ibisc.univ-evry.fr\/membre?user=385\">\n\t\t\t\t\t\t\t\t<p>HARQUIN Thibault<\/p>\n\t\t\t\t\t\t\t<\/a>\n\t\t\t\t\t\t<\/div>\n\t\t\t<\/div>\n\t\t<\/div>\n\t\t<div class=\"role_shortcode row\" >\n\t\t\t<h3>Chercheur Associ\u00e9, post-doctorant & ATER<\/h3>\n\t\t\t<div class=\"user_container\">\n\t\t\t\t\t\t<div class=\"user_shortcode col-md-2 col-md-offset-1\" >\n\t\t\t\t\t\t\t<a href=\"https:\/\/www.ibisc.univ-evry.fr\/membre?user=331\">\n\t\t\t\t\t\t\t\t<p>AKREMI Mohamed Sanim<\/p>\n\t\t\t\t\t\t\t<\/a>\n\t\t\t\t\t\t<\/div>\n\t\t\t\t\t\t<div class=\"user_shortcode col-md-2 col-md-offset-1\" >\n\t\t\t\t\t\t\t<a href=\"https:\/\/www.ibisc.univ-evry.fr\/membre?user=294\">\n\t\t\t\t\t\t\t\t<p>ALRAZOUK Obaida<\/p>\n\t\t\t\t\t\t\t<\/a>\n\t\t\t\t\t\t<\/div>\n\t\t\t\t\t\t<div class=\"user_shortcode col-md-2 col-md-offset-1\" >\n\t\t\t\t\t\t\t<a href=\"https:\/\/www.ibisc.univ-evry.fr\/membre?user=254\">\n\t\t\t\t\t\t\t\t<p>AMMOUNAH Anas<\/p>\n\t\t\t\t\t\t\t<\/a>\n\t\t\t\t\t\t<\/div>\n\t\t\t\t\t\t<div class=\"user_shortcode col-md-2 col-md-offset-1\" >\n\t\t\t\t\t\t\t<a href=\"https:\/\/www.ibisc.univ-evry.fr\/membre?user=336\">\n\t\t\t\t\t\t\t\t<p>FERRER Marie-H\u00e9l\u00e8ne<\/p>\n\t\t\t\t\t\t\t<\/a>\n\t\t\t\t\t\t<\/div>\n\t\t\t\t\t\t<div class=\"user_shortcode col-md-2 col-md-offset-1\" >\n\t\t\t\t\t\t\t<a href=\"https:\/\/www.ibisc.univ-evry.fr\/membre?user=233\">\n\t\t\t\t\t\t\t\t<p>GALERNE Simon<\/p>\n\t\t\t\t\t\t\t<\/a>\n\t\t\t\t\t\t<\/div>\n\t\t\t\t\t\t<div class=\"user_shortcode col-md-2 col-md-offset-1\" >\n\t\t\t\t\t\t\t<a href=\"https:\/\/www.ibisc.univ-evry.fr\/membre?user=302\">\n\t\t\t\t\t\t\t\t<p>HIMA Salim<\/p>\n\t\t\t\t\t\t\t<\/a>\n\t\t\t\t\t\t<\/div>\n\t\t\t\t\t\t<div class=\"user_shortcode col-md-2 col-md-offset-1\" >\n\t\t\t\t\t\t\t<a href=\"https:\/\/www.ibisc.univ-evry.fr\/membre?user=388\">\n\t\t\t\t\t\t\t\t<p>KACHOURI Imen<\/p>\n\t\t\t\t\t\t\t<\/a>\n\t\t\t\t\t\t<\/div>\n\t\t\t\t\t\t<div class=\"user_shortcode col-md-2 col-md-offset-1\" >\n\t\t\t\t\t\t\t<a href=\"https:\/\/www.ibisc.univ-evry.fr\/membre?user=369\">\n\t\t\t\t\t\t\t\t<p>KHALIL Khaled<\/p>\n\t\t\t\t\t\t\t<\/a>\n\t\t\t\t\t\t<\/div>\n\t\t\t\t\t\t<div class=\"user_shortcode col-md-2 col-md-offset-1\" >\n\t\t\t\t\t\t\t<a href=\"https:\/\/www.ibisc.univ-evry.fr\/membre?user=355\">\n\t\t\t\t\t\t\t\t<p>LEBRUN Flavien<\/p>\n\t\t\t\t\t\t\t<\/a>\n\t\t\t\t\t\t<\/div>\n\t\t\t\t\t\t<div class=\"user_shortcode col-md-2 col-md-offset-1\" >\n\t\t\t\t\t\t\t<a href=\"https:\/\/www.ibisc.univ-evry.fr\/membre?user=264\">\n\t\t\t\t\t\t\t\t<p>SLEIMAN Maya<\/p>\n\t\t\t\t\t\t\t<\/a>\n\t\t\t\t\t\t<\/div>\n\t\t\t<\/div>\n\t\t<\/div>\n\t\t<div class=\"role_shortcode row\" >\n\t\t\t<h3>Doctorant<\/h3>\n\t\t\t<div class=\"user_container\">\n\t\t\t\t\t\t<div class=\"user_shortcode col-md-2 col-md-offset-1\" >\n\t\t\t\t\t\t\t<a href=\"https:\/\/www.ibisc.univ-evry.fr\/membre?user=354\">\n\t\t\t\t\t\t\t\t<p>BAI Lincen<\/p>\n\t\t\t\t\t\t\t<\/a>\n\t\t\t\t\t\t<\/div>\n\t\t\t\t\t\t<div class=\"user_shortcode col-md-2 col-md-offset-1\" >\n\t\t\t\t\t\t\t<a href=\"https:\/\/www.ibisc.univ-evry.fr\/membre?user=360\">\n\t\t\t\t\t\t\t\t<p>BOUKLI HACENE Manel<\/p>\n\t\t\t\t\t\t\t<\/a>\n\t\t\t\t\t\t<\/div>\n\t\t\t\t\t\t<div class=\"user_shortcode col-md-2 col-md-offset-1\" >\n\t\t\t\t\t\t\t<a href=\"https:\/\/www.ibisc.univ-evry.fr\/membre?user=400\">\n\t\t\t\t\t\t\t\t<p>BRUNET Charlotte<\/p>\n\t\t\t\t\t\t\t<\/a>\n\t\t\t\t\t\t<\/div>\n\t\t\t\t\t\t<div class=\"user_shortcode col-md-2 col-md-offset-1\" >\n\t\t\t\t\t\t\t<a href=\"https:\/\/www.ibisc.univ-evry.fr\/membre?user=387\">\n\t\t\t\t\t\t\t\t<p>CALOT Lohan<\/p>\n\t\t\t\t\t\t\t<\/a>\n\t\t\t\t\t\t<\/div>\n\t\t\t\t\t\t<div class=\"user_shortcode col-md-2 col-md-offset-1\" >\n\t\t\t\t\t\t\t<a href=\"https:\/\/www.ibisc.univ-evry.fr\/membre?user=327\">\n\t\t\t\t\t\t\t\t<p>CHERIF Intissar<\/p>\n\t\t\t\t\t\t\t<\/a>\n\t\t\t\t\t\t<\/div>\n\t\t\t\t\t\t<div class=\"user_shortcode col-md-2 col-md-offset-1\" >\n\t\t\t\t\t\t\t<a href=\"https:\/\/www.ibisc.univ-evry.fr\/membre?user=338\">\n\t\t\t\t\t\t\t\t<p>DJEGHIM Hala<\/p>\n\t\t\t\t\t\t\t<\/a>\n\t\t\t\t\t\t<\/div>\n\t\t\t\t\t\t<div class=\"user_shortcode col-md-2 col-md-offset-1\" >\n\t\t\t\t\t\t\t<a href=\"https:\/\/www.ibisc.univ-evry.fr\/membre?user=361\">\n\t\t\t\t\t\t\t\t<p>FEDSI Chouaib<\/p>\n\t\t\t\t\t\t\t<\/a>\n\t\t\t\t\t\t<\/div>\n\t\t\t\t\t\t<div class=\"user_shortcode col-md-2 col-md-offset-1\" >\n\t\t\t\t\t\t\t<a href=\"https:\/\/www.ibisc.univ-evry.fr\/membre?user=337\">\n\t\t\t\t\t\t\t\t<p>GHANDOUR Maysoon<\/p>\n\t\t\t\t\t\t\t<\/a>\n\t\t\t\t\t\t<\/div>\n\t\t\t\t\t\t<div class=\"user_shortcode col-md-2 col-md-offset-1\" >\n\t\t\t\t\t\t\t<a href=\"https:\/\/www.ibisc.univ-evry.fr\/membre?user=392\">\n\t\t\t\t\t\t\t\t<p>KARA-ZAITRI Reda<\/p>\n\t\t\t\t\t\t\t<\/a>\n\t\t\t\t\t\t<\/div>\n\t\t\t\t\t\t<div class=\"user_shortcode col-md-2 col-md-offset-1\" >\n\t\t\t\t\t\t\t<a href=\"https:\/\/www.ibisc.univ-evry.fr\/membre?user=305\">\n\t\t\t\t\t\t\t\t<p>LAOUENAN Gaspard<\/p>\n\t\t\t\t\t\t\t<\/a>\n\t\t\t\t\t\t<\/div>\n\t\t\t\t\t\t<div class=\"user_shortcode col-md-2 col-md-offset-1\" >\n\t\t\t\t\t\t\t<a href=\"https:\/\/www.ibisc.univ-evry.fr\/membre?user=397\">\n\t\t\t\t\t\t\t\t<p>LARGETEAU Etienne<\/p>\n\t\t\t\t\t\t\t<\/a>\n\t\t\t\t\t\t<\/div>\n\t\t\t\t\t\t<div class=\"user_shortcode col-md-2 col-md-offset-1\" >\n\t\t\t\t\t\t\t<a href=\"https:\/\/www.ibisc.univ-evry.fr\/membre?user=399\">\n\t\t\t\t\t\t\t\t<p>OYERANMI Sheriff<\/p>\n\t\t\t\t\t\t\t<\/a>\n\t\t\t\t\t\t<\/div>\n\t\t\t\t\t\t<div class=\"user_shortcode col-md-2 col-md-offset-1\" >\n\t\t\t\t\t\t\t<a href=\"https:\/\/www.ibisc.univ-evry.fr\/membre?user=367\">\n\t\t\t\t\t\t\t\t<p>SAHILI Ali Rida<\/p>\n\t\t\t\t\t\t\t<\/a>\n\t\t\t\t\t\t<\/div>\n\t\t\t\t\t\t<div class=\"user_shortcode col-md-2 col-md-offset-1\" >\n\t\t\t\t\t\t\t<a href=\"https:\/\/www.ibisc.univ-evry.fr\/membre?user=391\">\n\t\t\t\t\t\t\t\t<p>SALAZAR Joshua<\/p>\n\t\t\t\t\t\t\t<\/a>\n\t\t\t\t\t\t<\/div>\n\t\t\t\t\t\t<div class=\"user_shortcode col-md-2 col-md-offset-1\" >\n\t\t\t\t\t\t\t<a href=\"https:\/\/www.ibisc.univ-evry.fr\/membre?user=398\">\n\t\t\t\t\t\t\t\t<p>SOUKARIEH Wael<\/p>\n\t\t\t\t\t\t\t<\/a>\n\t\t\t\t\t\t<\/div>\n\t\t\t\t\t\t<div class=\"user_shortcode col-md-2 col-md-offset-1\" >\n\t\t\t\t\t\t\t<a href=\"https:\/\/www.ibisc.univ-evry.fr\/membre?user=316\">\n\t\t\t\t\t\t\t\t<p>TCHENKO Christian<\/p>\n\t\t\t\t\t\t\t<\/a>\n\t\t\t\t\t\t<\/div>\n\t\t\t\t\t\t<div class=\"user_shortcode col-md-2 col-md-offset-1\" >\n\t\t\t\t\t\t\t<a href=\"https:\/\/www.ibisc.univ-evry.fr\/membre?user=366\">\n\t\t\t\t\t\t\t\t<p>VERTCHIK Nathanael Dan<\/p>\n\t\t\t\t\t\t\t<\/a>\n\t\t\t\t\t\t<\/div>\n\t\t\t\t\t\t<div class=\"user_shortcode col-md-2 col-md-offset-1\" >\n\t\t\t\t\t\t\t<a href=\"https:\/\/www.ibisc.univ-evry.fr\/membre?user=340\">\n\t\t\t\t\t\t\t\t<p>WANG Huaijin<\/p>\n\t\t\t\t\t\t\t<\/a>\n\t\t\t\t\t\t<\/div>\n\t\t\t\t\t\t<div class=\"user_shortcode col-md-2 col-md-offset-1\" >\n\t\t\t\t\t\t\t<a href=\"https:\/\/www.ibisc.univ-evry.fr\/membre?user=334\">\n\t\t\t\t\t\t\t\t<p>ZUANG Danfeng<\/p>\n\t\t\t\t\t\t\t<\/a>\n\t\t\t\t\t\t<\/div>\n\t\t\t<\/div>\n\t\t<\/div>\n\t\t<div class=\"role_shortcode row\" >\n\t\t\t<h3>Professeur \u00e9m\u00e9rite<\/h3>\n\t\t\t<div class=\"user_container\">\n\t\t\t\t\t\t<div class=\"user_shortcode col-md-2 col-md-offset-1\" >\n\t\t\t\t\t\t\t<a href=\"https:\/\/www.ibisc.univ-evry.fr\/membre?user=33\">\n\t\t\t\t\t\t\t\t<p>COLLE Etienne<\/p>\n\t\t\t\t\t\t\t<\/a>\n\t\t\t\t\t\t<\/div>\n\t\t\t\t\t\t<div class=\"user_shortcode col-md-2 col-md-offset-1\" >\n\t\t\t\t\t\t\t<a href=\"https:\/\/www.ibisc.univ-evry.fr\/membre?user=49\">\n\t\t\t\t\t\t\t\t<p>LELANDAIS-BONADE Sylvie<\/p>\n\t\t\t\t\t\t\t<\/a>\n\t\t\t\t\t\t<\/div>\n\t\t\t<\/div>\n\t\t<\/div>\n\t\t<div class=\"role_shortcode row\" >\n\t\t\t<h3>PRCE<\/h3>\n\t\t\t<div class=\"user_container\">\n\t\t\t\t\t\t<div class=\"user_shortcode col-md-2 col-md-offset-1\" >\n\t\t\t\t\t\t\t<a href=\"https:\/\/www.ibisc.univ-evry.fr\/membre?user=191\">\n\t\t\t\t\t\t\t\t<p>AMOURI Ali<\/p>\n\t\t\t\t\t\t\t<\/a>\n\t\t\t\t\t\t<\/div>\n\t\t\t<\/div>\n\t\t<\/div>\n\t\t<div class=\"role_shortcode row\" >\n\t\t\t<h3>Anciens membres<\/h3>\n\t\t\t<div class=\"user_container\">\n\t\t\t\t\t\t<div class=\"user_shortcode col-md-2 col-md-offset-1\" >\n\t\t\t\t\t\t\t<a href=\"https:\/\/www.ibisc.univ-evry.fr\/membre?user=20\">\n\t\t\t\t\t\t\t\t<p>ABCHICHE-MIMOUNI Nadia<\/p>\n\t\t\t\t\t\t\t<\/a>\n\t\t\t\t\t\t<\/div>\n\t\t\t\t\t\t<div class=\"user_shortcode col-md-2 col-md-offset-1\" >\n\t\t\t\t\t\t\t<a href=\"https:\/\/www.ibisc.univ-evry.fr\/membre?user=80\">\n\t\t\t\t\t\t\t\t<p>ADJED Faouzi<\/p>\n\t\t\t\t\t\t\t<\/a>\n\t\t\t\t\t\t<\/div>\n\t\t\t\t\t\t<div class=\"user_shortcode col-md-2 col-md-offset-1\" >\n\t\t\t\t\t\t\t<a href=\"https:\/\/www.ibisc.univ-evry.fr\/membre?user=201\">\n\t\t\t\t\t\t\t\t<p>AJILI Insaf<\/p>\n\t\t\t\t\t\t\t<\/a>\n\t\t\t\t\t\t<\/div>\n\t\t\t\t\t\t<div class=\"user_shortcode col-md-2 col-md-offset-1\" >\n\t\t\t\t\t\t\t<a href=\"https:\/\/www.ibisc.univ-evry.fr\/membre?user=311\">\n\t\t\t\t\t\t\t\t<p>ALAOUI Sidi Mohammed<\/p>\n\t\t\t\t\t\t\t<\/a>\n\t\t\t\t\t\t<\/div>\n\t\t\t\t\t\t<div class=\"user_shortcode col-md-2 col-md-offset-1\" >\n\t\t\t\t\t\t\t<a href=\"https:\/\/www.ibisc.univ-evry.fr\/membre?user=274\">\n\t\t\t\t\t\t\t\t<p>BEGHDADI Ayman<\/p>\n\t\t\t\t\t\t\t<\/a>\n\t\t\t\t\t\t<\/div>\n\t\t\t\t\t\t<div class=\"user_shortcode col-md-2 col-md-offset-1\" >\n\t\t\t\t\t\t\t<a href=\"https:\/\/www.ibisc.univ-evry.fr\/membre?user=85\">\n\t\t\t\t\t\t\t\t<p>BELLARBI Abdelkader<\/p>\n\t\t\t\t\t\t\t<\/a>\n\t\t\t\t\t\t<\/div>\n\t\t\t\t\t\t<div class=\"user_shortcode col-md-2 col-md-offset-1\" >\n\t\t\t\t\t\t\t<a href=\"https:\/\/www.ibisc.univ-evry.fr\/membre?user=206\">\n\t\t\t\t\t\t\t\t<p>BEN ABDALLAH Fida<\/p>\n\t\t\t\t\t\t\t<\/a>\n\t\t\t\t\t\t<\/div>\n\t\t\t\t\t\t<div class=\"user_shortcode col-md-2 col-md-offset-1\" >\n\t\t\t\t\t\t\t<a href=\"https:\/\/www.ibisc.univ-evry.fr\/membre?user=239\">\n\t\t\t\t\t\t\t\t<p>BEN CHARRADA Tarek<\/p>\n\t\t\t\t\t\t\t<\/a>\n\t\t\t\t\t\t<\/div>\n\t\t\t\t\t\t<div class=\"user_shortcode col-md-2 col-md-offset-1\" >\n\t\t\t\t\t\t\t<a href=\"https:\/\/www.ibisc.univ-evry.fr\/membre?user=89\">\n\t\t\t\t\t\t\t\t<p>BENYAHIA Mohammed Esseddik<\/p>\n\t\t\t\t\t\t\t<\/a>\n\t\t\t\t\t\t<\/div>\n\t\t\t\t\t\t<div class=\"user_shortcode col-md-2 col-md-offset-1\" >\n\t\t\t\t\t\t\t<a href=\"https:\/\/www.ibisc.univ-evry.fr\/membre?user=241\">\n\t\t\t\t\t\t\t\t<p>BESBES Mohamed Dhia Elhak<\/p>\n\t\t\t\t\t\t\t<\/a>\n\t\t\t\t\t\t<\/div>\n\t\t\t\t\t\t<div class=\"user_shortcode col-md-2 col-md-offset-1\" >\n\t\t\t\t\t\t\t<a href=\"https:\/\/www.ibisc.univ-evry.fr\/membre?user=93\">\n\t\t\t\t\t\t\t\t<p>BOUCHER Maxime<\/p>\n\t\t\t\t\t\t\t<\/a>\n\t\t\t\t\t\t<\/div>\n\t\t\t\t\t\t<div class=\"user_shortcode col-md-2 col-md-offset-1\" >\n\t\t\t\t\t\t\t<a href=\"https:\/\/www.ibisc.univ-evry.fr\/membre?user=94\">\n\t\t\t\t\t\t\t\t<p>BOUI Marouane<\/p>\n\t\t\t\t\t\t\t<\/a>\n\t\t\t\t\t\t<\/div>\n\t\t\t\t\t\t<div class=\"user_shortcode col-md-2 col-md-offset-1\" >\n\t\t\t\t\t\t\t<a href=\"https:\/\/www.ibisc.univ-evry.fr\/membre?user=99\">\n\t\t\t\t\t\t\t\t<p>CHOUITEN Mehdi<\/p>\n\t\t\t\t\t\t\t<\/a>\n\t\t\t\t\t\t<\/div>\n\t\t\t\t\t\t<div class=\"user_shortcode col-md-2 col-md-offset-1\" >\n\t\t\t\t\t\t\t<a href=\"https:\/\/www.ibisc.univ-evry.fr\/membre?user=104\">\n\t\t\t\t\t\t\t\t<p>DAVID Ludovic<\/p>\n\t\t\t\t\t\t\t<\/a>\n\t\t\t\t\t\t<\/div>\n\t\t\t\t\t\t<div class=\"user_shortcode col-md-2 col-md-offset-1\" >\n\t\t\t\t\t\t\t<a href=\"https:\/\/www.ibisc.univ-evry.fr\/membre?user=308\">\n\t\t\t\t\t\t\t\t<p>DEBENAY Valentin<\/p>\n\t\t\t\t\t\t\t<\/a>\n\t\t\t\t\t\t<\/div>\n\t\t\t\t\t\t<div class=\"user_shortcode col-md-2 col-md-offset-1\" >\n\t\t\t\t\t\t\t<a href=\"https:\/\/www.ibisc.univ-evry.fr\/membre?user=108\">\n\t\t\t\t\t\t\t\t<p>DENNEMONT Yannick<\/p>\n\t\t\t\t\t\t\t<\/a>\n\t\t\t\t\t\t<\/div>\n\t\t\t\t\t\t<div class=\"user_shortcode col-md-2 col-md-offset-1\" >\n\t\t\t\t\t\t\t<a href=\"https:\/\/www.ibisc.univ-evry.fr\/membre?user=109\">\n\t\t\t\t\t\t\t\t<p>DEVAUX Jean-Cl\u00e9ment<\/p>\n\t\t\t\t\t\t\t<\/a>\n\t\t\t\t\t\t<\/div>\n\t\t\t\t\t\t<div class=\"user_shortcode col-md-2 col-md-offset-1\" >\n\t\t\t\t\t\t\t<a href=\"https:\/\/www.ibisc.univ-evry.fr\/membre?user=110\">\n\t\t\t\t\t\t\t\t<p>EL CHAOUI EL GHOR Hakim<\/p>\n\t\t\t\t\t\t\t<\/a>\n\t\t\t\t\t\t<\/div>\n\t\t\t\t\t\t<div class=\"user_shortcode col-md-2 col-md-offset-1\" >\n\t\t\t\t\t\t\t<a href=\"https:\/\/www.ibisc.univ-evry.fr\/membre?user=116\">\n\t\t\t\t\t\t\t\t<p>FU Wenhao<\/p>\n\t\t\t\t\t\t\t<\/a>\n\t\t\t\t\t\t<\/div>\n\t\t\t\t\t\t<div class=\"user_shortcode col-md-2 col-md-offset-1\" >\n\t\t\t\t\t\t\t<a href=\"https:\/\/www.ibisc.univ-evry.fr\/membre?user=202\">\n\t\t\t\t\t\t\t\t<p>GUINET Anne-Laure<\/p>\n\t\t\t\t\t\t\t<\/a>\n\t\t\t\t\t\t<\/div>\n\t\t\t\t\t\t<div class=\"user_shortcode col-md-2 col-md-offset-1\" >\n\t\t\t\t\t\t\t<a href=\"https:\/\/www.ibisc.univ-evry.fr\/membre?user=333\">\n\t\t\t\t\t\t\t\t<p>HERFORT Lucas<\/p><br><p><b>Ing\u00e9nieur de Recherche R\u00e9alit\u00e9 Virtuelle<\/b><\/p>\n\t\t\t\t\t\t\t<\/a>\n\t\t\t\t\t\t<\/div>\n\t\t\t\t\t\t<div class=\"user_shortcode col-md-2 col-md-offset-1\" >\n\t\t\t\t\t\t\t<a href=\"https:\/\/www.ibisc.univ-evry.fr\/membre?user=275\">\n\t\t\t\t\t\t\t\t<p>HEUILLET Alexandre<\/p>\n\t\t\t\t\t\t\t<\/a>\n\t\t\t\t\t\t<\/div>\n\t\t\t\t\t\t<div class=\"user_shortcode col-md-2 col-md-offset-1\" >\n\t\t\t\t\t\t\t<a href=\"https:\/\/www.ibisc.univ-evry.fr\/membre?user=120\">\n\t\t\t\t\t\t\t\t<p>HIYADI Hajar<\/p>\n\t\t\t\t\t\t\t<\/a>\n\t\t\t\t\t\t<\/div>\n\t\t\t\t\t\t<div class=\"user_shortcode col-md-2 col-md-offset-1\" >\n\t\t\t\t\t\t\t<a href=\"https:\/\/www.ibisc.univ-evry.fr\/membre?user=203\">\n\t\t\t\t\t\t\t\t<p>HOUDA Taha<\/p>\n\t\t\t\t\t\t\t<\/a>\n\t\t\t\t\t\t<\/div>\n\t\t\t\t\t\t<div class=\"user_shortcode col-md-2 col-md-offset-1\" >\n\t\t\t\t\t\t\t<a href=\"https:\/\/www.ibisc.univ-evry.fr\/membre?user=271\">\n\t\t\t\t\t\t\t\t<p>KARDOFAKI Mohamad<\/p>\n\t\t\t\t\t\t\t<\/a>\n\t\t\t\t\t\t<\/div>\n\t\t\t\t\t\t<div class=\"user_shortcode col-md-2 col-md-offset-1\" >\n\t\t\t\t\t\t\t<a href=\"https:\/\/www.ibisc.univ-evry.fr\/membre?user=124\">\n\t\t\t\t\t\t\t\t<p>KEORK Hagop<\/p>\n\t\t\t\t\t\t\t<\/a>\n\t\t\t\t\t\t<\/div>\n\t\t\t\t\t\t<div class=\"user_shortcode col-md-2 col-md-offset-1\" >\n\t\t\t\t\t\t\t<a href=\"https:\/\/www.ibisc.univ-evry.fr\/membre?user=252\">\n\t\t\t\t\t\t\t\t<p>KOUMAS Manel<\/p>\n\t\t\t\t\t\t\t<\/a>\n\t\t\t\t\t\t<\/div>\n\t\t\t\t\t\t<div class=\"user_shortcode col-md-2 col-md-offset-1\" >\n\t\t\t\t\t\t\t<a href=\"https:\/\/www.ibisc.univ-evry.fr\/membre?user=293\">\n\t\t\t\t\t\t\t\t<p>LAFUMA Louis<\/p>\n\t\t\t\t\t\t\t<\/a>\n\t\t\t\t\t\t<\/div>\n\t\t\t\t\t\t<div class=\"user_shortcode col-md-2 col-md-offset-1\" >\n\t\t\t\t\t\t\t<a href=\"https:\/\/www.ibisc.univ-evry.fr\/membre?user=329\">\n\t\t\t\t\t\t\t\t<p>LAIDOUDI Salah Eddine<\/p>\n\t\t\t\t\t\t\t<\/a>\n\t\t\t\t\t\t<\/div>\n\t\t\t\t\t\t<div class=\"user_shortcode col-md-2 col-md-offset-1\" >\n\t\t\t\t\t\t\t<a href=\"https:\/\/www.ibisc.univ-evry.fr\/membre?user=296\">\n\t\t\t\t\t\t\t\t<p>LECHUGA LOPEZ Julian<\/p>\n\t\t\t\t\t\t\t<\/a>\n\t\t\t\t\t\t<\/div>\n\t\t\t\t\t\t<div class=\"user_shortcode col-md-2 col-md-offset-1\" >\n\t\t\t\t\t\t\t<a href=\"https:\/\/www.ibisc.univ-evry.fr\/membre?user=138\">\n\t\t\t\t\t\t\t\t<p>MADDOURI Amina<\/p>\n\t\t\t\t\t\t\t<\/a>\n\t\t\t\t\t\t<\/div>\n\t\t\t\t\t\t<div class=\"user_shortcode col-md-2 col-md-offset-1\" >\n\t\t\t\t\t\t\t<a href=\"https:\/\/www.ibisc.univ-evry.fr\/membre?user=268\">\n\t\t\t\t\t\t\t\t<p>MAI Daniel Xuan Hien<\/p>\n\t\t\t\t\t\t\t<\/a>\n\t\t\t\t\t\t<\/div>\n\t\t\t\t\t\t<div class=\"user_shortcode col-md-2 col-md-offset-1\" >\n\t\t\t\t\t\t\t<a href=\"https:\/\/www.ibisc.univ-evry.fr\/membre?user=303\">\n\t\t\t\t\t\t\t\t<p>MAIDI Madjid<\/p>\n\t\t\t\t\t\t\t<\/a>\n\t\t\t\t\t\t<\/div>\n\t\t\t\t\t\t<div class=\"user_shortcode col-md-2 col-md-offset-1\" >\n\t\t\t\t\t\t\t<a href=\"https:\/\/www.ibisc.univ-evry.fr\/membre?user=207\">\n\t\t\t\t\t\t\t\t<p>MARONNAT Florian<\/p>\n\t\t\t\t\t\t\t<\/a>\n\t\t\t\t\t\t<\/div>\n\t\t\t\t\t\t<div class=\"user_shortcode col-md-2 col-md-offset-1\" >\n\t\t\t\t\t\t\t<a href=\"https:\/\/www.ibisc.univ-evry.fr\/membre?user=317\">\n\t\t\t\t\t\t\t\t<p>MINOTTI Kelly<\/p>\n\t\t\t\t\t\t\t<\/a>\n\t\t\t\t\t\t<\/div>\n\t\t\t\t\t\t<div class=\"user_shortcode col-md-2 col-md-offset-1\" >\n\t\t\t\t\t\t\t<a href=\"https:\/\/www.ibisc.univ-evry.fr\/membre?user=240\">\n\t\t\t\t\t\t\t\t<p>MOUFFOK Moncef Zakaria<\/p>\n\t\t\t\t\t\t\t<\/a>\n\t\t\t\t\t\t<\/div>\n\t\t\t\t\t\t<div class=\"user_shortcode col-md-2 col-md-offset-1\" >\n\t\t\t\t\t\t\t<a href=\"https:\/\/www.ibisc.univ-evry.fr\/membre?user=263\">\n\t\t\t\t\t\t\t\t<p>PICARD Quentin<\/p>\n\t\t\t\t\t\t\t<\/a>\n\t\t\t\t\t\t<\/div>\n\t\t\t\t\t\t<div class=\"user_shortcode col-md-2 col-md-offset-1\" >\n\t\t\t\t\t\t\t<a href=\"https:\/\/www.ibisc.univ-evry.fr\/membre?user=204\">\n\t\t\t\t\t\t\t\t<p>RAMEZANPANAH Zahra<\/p>\n\t\t\t\t\t\t\t<\/a>\n\t\t\t\t\t\t<\/div>\n\t\t\t\t\t\t<div class=\"user_shortcode col-md-2 col-md-offset-1\" >\n\t\t\t\t\t\t\t<a href=\"https:\/\/www.ibisc.univ-evry.fr\/membre?user=153\">\n\t\t\t\t\t\t\t\t<p>RUKUBAYIHUNGA KOUMBA Alia<\/p>\n\t\t\t\t\t\t\t<\/a>\n\t\t\t\t\t\t<\/div>\n\t\t\t\t\t\t<div class=\"user_shortcode col-md-2 col-md-offset-1\" >\n\t\t\t\t\t\t\t<a href=\"https:\/\/www.ibisc.univ-evry.fr\/membre?user=200\">\n\t\t\t\t\t\t\t\t<p>SENDI Naziha<\/p>\n\t\t\t\t\t\t\t<\/a>\n\t\t\t\t\t\t<\/div>\n\t\t\t\t\t\t<div class=\"user_shortcode col-md-2 col-md-offset-1\" >\n\t\t\t\t\t\t\t<a href=\"https:\/\/www.ibisc.univ-evry.fr\/membre?user=300\">\n\t\t\t\t\t\t\t\t<p>SIMON Cassandre<\/p>\n\t\t\t\t\t\t\t<\/a>\n\t\t\t\t\t\t<\/div>\n\t\t\t\t\t\t<div class=\"user_shortcode col-md-2 col-md-offset-1\" >\n\t\t\t\t\t\t\t<a href=\"https:\/\/www.ibisc.univ-evry.fr\/membre?user=299\">\n\t\t\t\t\t\t\t\t<p>TADASHI MIYAGAWA Augusto<\/p>\n\t\t\t\t\t\t\t<\/a>\n\t\t\t\t\t\t<\/div>\n\t\t\t\t\t\t<div class=\"user_shortcode col-md-2 col-md-offset-1\" >\n\t\t\t\t\t\t\t<a href=\"https:\/\/www.ibisc.univ-evry.fr\/membre?user=161\">\n\t\t\t\t\t\t\t\t<p>TRAN Ngoc-Trung<\/p>\n\t\t\t\t\t\t\t<\/a>\n\t\t\t\t\t\t<\/div>\n\t\t\t\t\t\t<div class=\"user_shortcode col-md-2 col-md-offset-1\" >\n\t\t\t\t\t\t\t<a href=\"https:\/\/www.ibisc.univ-evry.fr\/membre?user=164\">\n\t\t\t\t\t\t\t\t<p>WU Siju<\/p>\n\t\t\t\t\t\t\t<\/a>\n\t\t\t\t\t\t<\/div>\n\t\t\t\t\t\t<div class=\"user_shortcode col-md-2 col-md-offset-1\" >\n\t\t\t\t\t\t\t<a href=\"https:\/\/www.ibisc.univ-evry.fr\/membre?user=362\">\n\t\t\t\t\t\t\t\t<p>ZHU Xingfei<\/p>\n\t\t\t\t\t\t\t<\/a>\n\t\t\t\t\t\t<\/div>\n\t\t\t<\/div>\n\t\t<\/div>\n<\/div><div class=\"fusion-clearfix\"><\/div>\n\n\t\t\t\t\t<\/div>\n\t\t\t\t<\/div><\/div><\/div>\n","protected":false},"excerpt":{"rendered":"","protected":false},"author":10,"featured_media":0,"parent":1083,"menu_order":0,"comment_status":"closed","ping_status":"closed","template":"","meta":{"_acf_changed":false,"inline_featured_image":false,"footnotes":""},"class_list":["post-873","page","type-page","status-publish","hentry"],"acf":[],"_links":{"self":[{"href":"https:\/\/www.ibisc.univ-evry.fr\/en\/wp-json\/wp\/v2\/pages\/873"}],"collection":[{"href":"https:\/\/www.ibisc.univ-evry.fr\/en\/wp-json\/wp\/v2\/pages"}],"about":[{"href":"https:\/\/www.ibisc.univ-evry.fr\/en\/wp-json\/wp\/v2\/types\/page"}],"author":[{"embeddable":true,"href":"https:\/\/www.ibisc.univ-evry.fr\/en\/wp-json\/wp\/v2\/users\/10"}],"replies":[{"embeddable":true,"href":"https:\/\/www.ibisc.univ-evry.fr\/en\/wp-json\/wp\/v2\/comments?post=873"}],"version-history":[{"count":3,"href":"https:\/\/www.ibisc.univ-evry.fr\/en\/wp-json\/wp\/v2\/pages\/873\/revisions"}],"predecessor-version":[{"id":1044,"href":"https:\/\/www.ibisc.univ-evry.fr\/en\/wp-json\/wp\/v2\/pages\/873\/revisions\/1044"}],"up":[{"embeddable":true,"href":"https:\/\/www.ibisc.univ-evry.fr\/en\/wp-json\/wp\/v2\/pages\/1083"}],"wp:attachment":[{"href":"https:\/\/www.ibisc.univ-evry.fr\/en\/wp-json\/wp\/v2\/media?parent=873"}],"curies":[{"name":"wp","href":"https:\/\/api.w.org\/{rel}","templated":true}]}}